{"id":27,"date":"2018-04-14T16:00:52","date_gmt":"2018-04-14T14:00:52","guid":{"rendered":"https:\/\/hodoca.wordpress.com\/?page_id=6"},"modified":"2022-12-13T13:47:42","modified_gmt":"2022-12-13T12:47:42","slug":"blog","status":"publish","type":"page","link":"https:\/\/hochst\u00e4dter-haus.de\/?page_id=27","title":{"rendered":"Blog"},"content":{"rendered":"\n<style type=\"text\/css\" data-created_by=\"avia_inline_auto\" id=\"style-css-av-av_section-7fc49d0ad70b36330a95f056d4fee1f1\">\n.avia-section.av-av_section-7fc49d0ad70b36330a95f056d4fee1f1{\nbackground-color:#673364;\nbackground-image:unset;\n}\n<\/style>\n<div id='av_section_1'  class='avia-section av-av_section-7fc49d0ad70b36330a95f056d4fee1f1 alternate_color avia-section-default avia-no-border-styling  avia-builder-el-0  el_before_av_blog  avia-builder-el-first  avia-bg-style-scroll container_wrap fullsize'  ><div class='container av-section-cont-open' ><main  role=\"main\" itemprop=\"mainContentOfPage\"  class='template-page content  av-content-full alpha units'><div class='post-entry post-entry-type-page post-entry-27'><div class='entry-content-wrapper clearfix'>\n\n<style type=\"text\/css\" data-created_by=\"avia_inline_auto\" id=\"style-css-av-lbm7wzog-8c5055f2371e1237273c25a0cc4bd5e1\">\n#top .av_textblock_section.av-lbm7wzog-8c5055f2371e1237273c25a0cc4bd5e1 .avia_textblock{\ncolor:#efdfed;\ntext-align:center;\n}\n<\/style>\n<section  class='av_textblock_section av-lbm7wzog-8c5055f2371e1237273c25a0cc4bd5e1 '   itemscope=\"itemscope\" itemtype=\"https:\/\/schema.org\/CreativeWork\" ><div class='avia_textblock av_inherit_color'  itemprop=\"text\" ><h1 style=\"text-align: center;\">Blog<\/h1>\n<\/div><\/section>\n<\/div><\/div><\/main><!-- close content main element --><\/div><\/div><div id='after_section_1'  class='main_color av_default_container_wrap container_wrap fullsize'  ><div class='container av-section-cont-open' ><div class='template-page content  av-content-full alpha units'><div class='post-entry post-entry-type-page post-entry-27'><div class='entry-content-wrapper clearfix'><div  class='av-alb-blogposts template-blog  '  itemscope=\"itemscope\" itemtype=\"https:\/\/schema.org\/Blog\" ><article class=\"post-entry post-entry-type-standard post-entry-2904 post-loop-1 post-parity-odd single-big  post-2904 post type-post status-publish format-quote hentry category-allgemein post_format-post-format-quote\"  itemscope=\"itemscope\" itemtype=\"https:\/\/schema.org\/BlogPosting\" ><div class=\"blog-meta\"><\/div><div class='entry-content-wrapper clearfix standard-content'><header class=\"entry-content-header\" aria-label=\"Post: Neujahrsbotschaft des Ehrenvorsitzenden des Ortsbeirats\"><div class=\"av-heading-wrapper\"><span class=\"blog-categories minor-meta\"><a href=\"https:\/\/hochst\u00e4dter-haus.de\/?cat=3\" rel=\"tag\">Allgemein<\/a><\/span><h2 class='post-title entry-title '  itemprop=\"headline\" ><a href=\"https:\/\/hochst\u00e4dter-haus.de\/?p=2904\" rel=\"bookmark\" title=\"Permanenter Link zu: Neujahrsbotschaft des Ehrenvorsitzenden des Ortsbeirats\">Neujahrsbotschaft des Ehrenvorsitzenden des Ortsbeirats<span class=\"post-format-icon minor-meta\"><\/span><\/a><\/h2><\/div><\/header><span class=\"av-vertical-delimiter\"><\/span><div class=\"entry-content\"  itemprop=\"text\" ><p>Liebe Ortsbeiratsmitglieder, liebe Vereinsvorst\u00e4nde, liebe Freunde, Bekannte und Unterst\u00fctzer des Hochst\u00e4dter Hauses, nachdem nun seit dem 31.12.2021 die Eingemeindung Hochst\u00e4dtens zusammen mit Gronau und Wilmshausen zur Stadt Bensheim 50 Jahre zur\u00fcck liegt, hat sicher jeder Ortsbeirat in dieser Zeit seine positiven und negativen Erfahrungen gesammelt. Die Entscheidung, ob wir dieses Jubil\u00e4um feiern, mussten wir wegen [&hellip;]<\/p>\n<div class=\"read-more-link\"><a href=\"https:\/\/hochst\u00e4dter-haus.de\/?p=2904\" class=\"more-link\">Weiterlesen<span class='more-link-arrow avia-svg-icon avia-font-svg_entypo-fontello' data-av_svg_icon='right-open-big' data-av_iconset='svg_entypo-fontello'><svg version=\"1.1\" xmlns=\"http:\/\/www.w3.org\/2000\/svg\" width=\"15\" height=\"32\" viewBox=\"0 0 15 32\" preserveAspectRatio=\"xMidYMid meet\" role=\"graphics-symbol\" aria-hidden=\"true\">\n<path d=\"M0.416 27.84l11.456-11.84-11.456-11.904q-0.832-0.832 0-1.536 0.832-0.832 1.536 0l12.544 12.608q0.768 0.832 0 1.6l-12.544 12.608q-0.704 0.832-1.536 0-0.832-0.704 0-1.536z\"><\/path>\n<\/svg><\/span><\/a><\/div>\n<\/div><span class=\"post-meta-infos\"><time class=\"date-container minor-meta updated\"  itemprop=\"datePublished\" datetime=\"2022-01-02T15:22:37+01:00\" >2. Jan. 2022<\/time><span class=\"text-sep\">\/<\/span><span class=\"comment-container minor-meta\"><a href=\"https:\/\/hochst\u00e4dter-haus.de\/?p=2904#respond\" class=\"comments-link\" >0 Kommentare<\/a><\/span><span class=\"text-sep\">\/<\/span><span class=\"blog-author minor-meta\">von <span class=\"entry-author-link\"  itemprop=\"author\" ><span class=\"author\"><span class=\"fn\"><a href=\"https:\/\/hochst\u00e4dter-haus.de\/?author=1\" title=\"Beitr\u00e4ge von AdminHochstaedterHaus\" rel=\"author\">AdminHochstaedterHaus<\/a><\/span><\/span><\/span><\/span><\/span><footer class=\"entry-footer\"><\/footer><div class='post_delimiter'><\/div><\/div><div class=\"post_author_timeline\"><\/div><span class='hidden'>\n\t\t\t\t<span class='av-structured-data'  itemprop=\"image\" itemscope=\"itemscope\" itemtype=\"https:\/\/schema.org\/ImageObject\" >\n\t\t\t\t\t\t<span itemprop='url'>https:\/\/xn--hochstdter-haus-5kb.de\/wp-content\/uploads\/2023\/11\/Das-Hochstaedter-Haus-Logo-blau-mit-Text-rgb-300x300.jpg<\/span>\n\t\t\t\t\t\t<span itemprop='height'>0<\/span>\n\t\t\t\t\t\t<span itemprop='width'>0<\/span>\n\t\t\t\t<\/span>\n\t\t\t\t<span class='av-structured-data'  itemprop=\"publisher\" itemtype=\"https:\/\/schema.org\/Organization\" itemscope=\"itemscope\" >\n\t\t\t\t\t\t<span itemprop='name'>AdminHochstaedterHaus<\/span>\n\t\t\t\t\t\t<span itemprop='logo' itemscope itemtype='https:\/\/schema.org\/ImageObject'>\n\t\t\t\t\t\t\t<span itemprop='url'>https:\/\/xn--hochstdter-haus-5kb.de\/wp-content\/uploads\/2023\/11\/Das-Hochstaedter-Haus-Logo-blau-mit-Text-rgb-300x300.jpg<\/span>\n\t\t\t\t\t\t<\/span>\n\t\t\t\t<\/span><span class='av-structured-data'  itemprop=\"author\" itemscope=\"itemscope\" itemtype=\"https:\/\/schema.org\/Person\" ><span itemprop='name'>AdminHochstaedterHaus<\/span><\/span><span class='av-structured-data'  itemprop=\"datePublished\" datetime=\"2022-01-02T15:22:37+01:00\" >2022-01-02 15:22:37<\/span><span class='av-structured-data'  itemprop=\"dateModified\" itemtype=\"https:\/\/schema.org\/dateModified\" >2023-01-14 16:10:38<\/span><span class='av-structured-data'  itemprop=\"mainEntityOfPage\" itemtype=\"https:\/\/schema.org\/mainEntityOfPage\" ><span itemprop='name'>Neujahrsbotschaft des Ehrenvorsitzenden des Ortsbeirats<\/span><\/span><\/span><\/article><article class=\"post-entry post-entry-type-standard post-entry-2616 post-loop-2 post-parity-even single-big  post-2616 post type-post status-publish format-standard hentry category-allgemein\"  itemscope=\"itemscope\" itemtype=\"https:\/\/schema.org\/BlogPosting\" ><div class=\"blog-meta\"><\/div><div class='entry-content-wrapper clearfix standard-content'><header class=\"entry-content-header\" aria-label=\"Post: Neuausrichtung des Hochst\u00e4dter Hauses\"><div class=\"av-heading-wrapper\"><span class=\"blog-categories minor-meta\"><a href=\"https:\/\/hochst\u00e4dter-haus.de\/?cat=3\" rel=\"tag\">Allgemein<\/a><\/span><h2 class='post-title entry-title '  itemprop=\"headline\" ><a href=\"https:\/\/hochst\u00e4dter-haus.de\/?p=2616\" rel=\"bookmark\" title=\"Permanenter Link zu: Neuausrichtung des Hochst\u00e4dter Hauses\">Neuausrichtung des Hochst\u00e4dter Hauses<span class=\"post-format-icon minor-meta\"><\/span><\/a><\/h2><\/div><\/header><span class=\"av-vertical-delimiter\"><\/span><div class=\"entry-content\"  itemprop=\"text\" ><p>Gut drei Jahre nach der Er\u00f6ffnung von Dorfladen und Caf\u00e9 im Hochst\u00e4dter Haus hat sich der Vorstand des F\u00f6rdervereins Hochst\u00e4dten zu einer Neuausrichtung des Angebots entschlossen. Denn leider verabschiedet sich der bisherige ehrenamtliche Gesch\u00e4ftsf\u00fchrer und erste stellv. Vereinsvorsitzende Andreas Klemm zum 31.12.21 nach vielen Jahren intensiven Engagements in eine wohlverdiente Pause. Da sich der Dorfladen [&hellip;]<\/p>\n<div class=\"read-more-link\"><a href=\"https:\/\/hochst\u00e4dter-haus.de\/?p=2616\" class=\"more-link\">Weiterlesen<span class='more-link-arrow avia-svg-icon avia-font-svg_entypo-fontello' data-av_svg_icon='right-open-big' data-av_iconset='svg_entypo-fontello'><svg version=\"1.1\" xmlns=\"http:\/\/www.w3.org\/2000\/svg\" width=\"15\" height=\"32\" viewBox=\"0 0 15 32\" preserveAspectRatio=\"xMidYMid meet\" role=\"graphics-symbol\" aria-hidden=\"true\">\n<path d=\"M0.416 27.84l11.456-11.84-11.456-11.904q-0.832-0.832 0-1.536 0.832-0.832 1.536 0l12.544 12.608q0.768 0.832 0 1.6l-12.544 12.608q-0.704 0.832-1.536 0-0.832-0.704 0-1.536z\"><\/path>\n<\/svg><\/span><\/a><\/div>\n<\/div><span class=\"post-meta-infos\"><time class=\"date-container minor-meta updated\"  itemprop=\"datePublished\" datetime=\"2021-12-27T17:39:40+01:00\" >27. Dez. 2021<\/time><span class=\"text-sep\">\/<\/span><span class=\"comment-container minor-meta\"><a href=\"https:\/\/hochst\u00e4dter-haus.de\/?p=2616#respond\" class=\"comments-link\" >0 Kommentare<\/a><\/span><span class=\"text-sep\">\/<\/span><span class=\"blog-author minor-meta\">von <span class=\"entry-author-link\"  itemprop=\"author\" ><span class=\"author\"><span class=\"fn\"><a href=\"https:\/\/hochst\u00e4dter-haus.de\/?author=1\" title=\"Beitr\u00e4ge von AdminHochstaedterHaus\" rel=\"author\">AdminHochstaedterHaus<\/a><\/span><\/span><\/span><\/span><\/span><footer class=\"entry-footer\"><\/footer><div class='post_delimiter'><\/div><\/div><div class=\"post_author_timeline\"><\/div><span class='hidden'>\n\t\t\t\t<span class='av-structured-data'  itemprop=\"image\" itemscope=\"itemscope\" itemtype=\"https:\/\/schema.org\/ImageObject\" >\n\t\t\t\t\t\t<span itemprop='url'>https:\/\/xn--hochstdter-haus-5kb.de\/wp-content\/uploads\/2023\/11\/Das-Hochstaedter-Haus-Logo-blau-mit-Text-rgb-300x300.jpg<\/span>\n\t\t\t\t\t\t<span itemprop='height'>0<\/span>\n\t\t\t\t\t\t<span itemprop='width'>0<\/span>\n\t\t\t\t<\/span>\n\t\t\t\t<span class='av-structured-data'  itemprop=\"publisher\" itemtype=\"https:\/\/schema.org\/Organization\" itemscope=\"itemscope\" >\n\t\t\t\t\t\t<span itemprop='name'>AdminHochstaedterHaus<\/span>\n\t\t\t\t\t\t<span itemprop='logo' itemscope itemtype='https:\/\/schema.org\/ImageObject'>\n\t\t\t\t\t\t\t<span itemprop='url'>https:\/\/xn--hochstdter-haus-5kb.de\/wp-content\/uploads\/2023\/11\/Das-Hochstaedter-Haus-Logo-blau-mit-Text-rgb-300x300.jpg<\/span>\n\t\t\t\t\t\t<\/span>\n\t\t\t\t<\/span><span class='av-structured-data'  itemprop=\"author\" itemscope=\"itemscope\" itemtype=\"https:\/\/schema.org\/Person\" ><span itemprop='name'>AdminHochstaedterHaus<\/span><\/span><span class='av-structured-data'  itemprop=\"datePublished\" datetime=\"2021-12-27T17:39:40+01:00\" >2021-12-27 17:39:40<\/span><span class='av-structured-data'  itemprop=\"dateModified\" itemtype=\"https:\/\/schema.org\/dateModified\" >2023-01-14 13:31:38<\/span><span class='av-structured-data'  itemprop=\"mainEntityOfPage\" itemtype=\"https:\/\/schema.org\/mainEntityOfPage\" ><span itemprop='name'>Neuausrichtung des Hochst\u00e4dter Hauses<\/span><\/span><\/span><\/article><article class=\"post-entry post-entry-type-standard post-entry-1 post-loop-3 post-parity-odd post-entry-last single-big with-slider post-1 post type-post status-publish format-standard has-post-thumbnail hentry category-allgemein\"  itemscope=\"itemscope\" itemtype=\"https:\/\/schema.org\/BlogPosting\" ><div class=\"blog-meta\"><\/div><div class='entry-content-wrapper clearfix standard-content'><header class=\"entry-content-header\" aria-label=\"Post: Neuausrichtung des Hochst\u00e4dter Hauses\"><div class=\"av-heading-wrapper\"><span class=\"blog-categories minor-meta\"><a href=\"https:\/\/hochst\u00e4dter-haus.de\/?cat=3\" rel=\"tag\">Allgemein<\/a><\/span><h2 class='post-title entry-title '  itemprop=\"headline\" ><a href=\"https:\/\/hochst\u00e4dter-haus.de\/?p=1\" rel=\"bookmark\" title=\"Permanenter Link zu: Neuausrichtung des Hochst\u00e4dter Hauses\">Neuausrichtung des Hochst\u00e4dter Hauses<span class=\"post-format-icon minor-meta\"><\/span><\/a><\/h2><\/div><\/header><span class=\"av-vertical-delimiter\"><\/span><div class=\"big-preview single-big\"  itemprop=\"image\" itemscope=\"itemscope\" itemtype=\"https:\/\/schema.org\/ImageObject\" ><a href=\"https:\/\/hochst\u00e4dter-haus.de\/?p=1\"  title=\"Dorfcafe\" ><img decoding=\"async\" loading=\"lazy\" width=\"449\" height=\"153\" src=\"https:\/\/xn--hochstdter-haus-5kb.de\/wp-content\/uploads\/2021\/12\/Dorfcafe.jpeg\" class=\"wp-image-2701 avia-img-lazy-loading-2701 attachment-entry_without_sidebar size-entry_without_sidebar wp-post-image\" alt=\"\" srcset=\"https:\/\/xn--hochstdter-haus-5kb.de\/wp-content\/uploads\/2021\/12\/Dorfcafe.jpeg 449w, https:\/\/xn--hochstdter-haus-5kb.de\/wp-content\/uploads\/2021\/12\/Dorfcafe-300x102.jpeg 300w\" sizes=\"auto, (max-width: 449px) 100vw, 449px\" \/><\/a><\/div><div class=\"entry-content\"  itemprop=\"text\" ><p>Gut drei Jahre nach der Er\u00f6ffnung von Dorfladen und Caf\u00e9 im Hochst\u00e4dter Haus hat sich der Vorstand des F\u00f6rdervereins Hochst\u00e4dten zu einer Neuausrichtung des Angebots entschlossen. Denn leider verabschiedet sich der bisherige ehrenamtliche Gesch\u00e4ftsf\u00fchrer und erste stellv. Vereinsvorsitzende Andreas Klemm zum 31.12.21 nach vielen Jahren intensiven Engagements in eine wohlverdiente Pause. Da sich der Dorfladen [&hellip;]<\/p>\n<div class=\"read-more-link\"><a href=\"https:\/\/hochst\u00e4dter-haus.de\/?p=1\" class=\"more-link\">Weiterlesen<span class='more-link-arrow avia-svg-icon avia-font-svg_entypo-fontello' data-av_svg_icon='right-open-big' data-av_iconset='svg_entypo-fontello'><svg version=\"1.1\" xmlns=\"http:\/\/www.w3.org\/2000\/svg\" width=\"15\" height=\"32\" viewBox=\"0 0 15 32\" preserveAspectRatio=\"xMidYMid meet\" role=\"graphics-symbol\" aria-hidden=\"true\">\n<path d=\"M0.416 27.84l11.456-11.84-11.456-11.904q-0.832-0.832 0-1.536 0.832-0.832 1.536 0l12.544 12.608q0.768 0.832 0 1.6l-12.544 12.608q-0.704 0.832-1.536 0-0.832-0.704 0-1.536z\"><\/path>\n<\/svg><\/span><\/a><\/div>\n<\/div><span class=\"post-meta-infos\"><time class=\"date-container minor-meta updated\"  itemprop=\"datePublished\" datetime=\"2021-12-22T17:36:11+01:00\" >22. Dez. 2021<\/time><span class=\"text-sep\">\/<\/span><span class=\"comment-container minor-meta\"><a href=\"https:\/\/hochst\u00e4dter-haus.de\/?p=1#respond\" class=\"comments-link\" >0 Kommentare<\/a><\/span><span class=\"text-sep\">\/<\/span><span class=\"blog-author minor-meta\">von <span class=\"entry-author-link\"  itemprop=\"author\" ><span class=\"author\"><span class=\"fn\"><a href=\"https:\/\/hochst\u00e4dter-haus.de\/?author=1\" title=\"Beitr\u00e4ge von AdminHochstaedterHaus\" rel=\"author\">AdminHochstaedterHaus<\/a><\/span><\/span><\/span><\/span><\/span><footer class=\"entry-footer\"><\/footer><div class='post_delimiter'><\/div><\/div><div class=\"post_author_timeline\"><\/div><span class='hidden'>\n\t\t\t\t<span class='av-structured-data'  itemprop=\"image\" itemscope=\"itemscope\" itemtype=\"https:\/\/schema.org\/ImageObject\" >\n\t\t\t\t\t\t<span itemprop='url'>https:\/\/xn--hochstdter-haus-5kb.de\/wp-content\/uploads\/2021\/12\/Dorfcafe.jpeg<\/span>\n\t\t\t\t\t\t<span itemprop='height'>153<\/span>\n\t\t\t\t\t\t<span itemprop='width'>449<\/span>\n\t\t\t\t<\/span>\n\t\t\t\t<span class='av-structured-data'  itemprop=\"publisher\" itemtype=\"https:\/\/schema.org\/Organization\" itemscope=\"itemscope\" >\n\t\t\t\t\t\t<span itemprop='name'>AdminHochstaedterHaus<\/span>\n\t\t\t\t\t\t<span itemprop='logo' itemscope itemtype='https:\/\/schema.org\/ImageObject'>\n\t\t\t\t\t\t\t<span itemprop='url'>https:\/\/xn--hochstdter-haus-5kb.de\/wp-content\/uploads\/2023\/11\/Das-Hochstaedter-Haus-Logo-blau-mit-Text-rgb-300x300.jpg<\/span>\n\t\t\t\t\t\t<\/span>\n\t\t\t\t<\/span><span class='av-structured-data'  itemprop=\"author\" itemscope=\"itemscope\" itemtype=\"https:\/\/schema.org\/Person\" ><span itemprop='name'>AdminHochstaedterHaus<\/span><\/span><span class='av-structured-data'  itemprop=\"datePublished\" datetime=\"2021-12-22T17:36:11+01:00\" >2021-12-22 17:36:11<\/span><span class='av-structured-data'  itemprop=\"dateModified\" itemtype=\"https:\/\/schema.org\/dateModified\" >2021-12-22 17:36:11<\/span><span class='av-structured-data'  itemprop=\"mainEntityOfPage\" itemtype=\"https:\/\/schema.org\/mainEntityOfPage\" ><span itemprop='name'>Neuausrichtung des Hochst\u00e4dter Hauses<\/span><\/span><\/span><\/article><div class='single-big'><nav class='pagination'><span class='pagination-meta'>Seite 1 von 10<\/span><span class='current'>1<\/span><a href='https:\/\/hochst\u00e4dter-haus.de\/index.php?rest_route=%2Fwp%2Fv2%2Fpages%2F27&#038;paged=2' class='inactive next_page' >2<\/a><a href='https:\/\/hochst\u00e4dter-haus.de\/index.php?rest_route=%2Fwp%2Fv2%2Fpages%2F27&#038;paged=3' class='inactive' >3<\/a><a href='https:\/\/hochst\u00e4dter-haus.de\/index.php?rest_route=%2Fwp%2Fv2%2Fpages%2F27&#038;paged=2'>&rsaquo;<\/a><a href='https:\/\/hochst\u00e4dter-haus.de\/index.php?rest_route=%2Fwp%2Fv2%2Fpages%2F27&#038;paged=10'>&raquo;<\/a><\/nav>\n<\/div><\/div><\/p>\n","protected":false},"excerpt":{"rendered":"","protected":false},"author":1,"featured_media":0,"parent":0,"menu_order":1,"comment_status":"closed","ping_status":"closed","template":"","meta":{"footnotes":""},"class_list":["post-27","page","type-page","status-publish","hentry"],"_links":{"self":[{"href":"https:\/\/hochst\u00e4dter-haus.de\/index.php?rest_route=\/wp\/v2\/pages\/27","targetHints":{"allow":["GET"]}}],"collection":[{"href":"https:\/\/hochst\u00e4dter-haus.de\/index.php?rest_route=\/wp\/v2\/pages"}],"about":[{"href":"https:\/\/hochst\u00e4dter-haus.de\/index.php?rest_route=\/wp\/v2\/types\/page"}],"author":[{"embeddable":true,"href":"https:\/\/hochst\u00e4dter-haus.de\/index.php?rest_route=\/wp\/v2\/users\/1"}],"replies":[{"embeddable":true,"href":"https:\/\/hochst\u00e4dter-haus.de\/index.php?rest_route=%2Fwp%2Fv2%2Fcomments&post=27"}],"version-history":[{"count":7,"href":"https:\/\/hochst\u00e4dter-haus.de\/index.php?rest_route=\/wp\/v2\/pages\/27\/revisions"}],"predecessor-version":[{"id":3738,"href":"https:\/\/hochst\u00e4dter-haus.de\/index.php?rest_route=\/wp\/v2\/pages\/27\/revisions\/3738"}],"wp:attachment":[{"href":"https:\/\/hochst\u00e4dter-haus.de\/index.php?rest_route=%2Fwp%2Fv2%2Fmedia&parent=27"}],"curies":[{"name":"wp","href":"https:\/\/api.w.org\/{rel}","templated":true}]}}