{"id":3426,"date":"2022-07-06T15:26:21","date_gmt":"2022-07-06T13:26:21","guid":{"rendered":"https:\/\/hochst\u00e4dter-haus.de\/?page_id=3426"},"modified":"2023-05-04T16:59:52","modified_gmt":"2023-05-04T14:59:52","slug":"das-hochstaedter-haus-als-zentrum-des-radsports","status":"publish","type":"page","link":"https:\/\/hochst\u00e4dter-haus.de\/?page_id=3426","title":{"rendered":"Radsport ums Hochst\u00e4dter Haus"},"content":{"rendered":"<p>Das Hochst\u00e4dter Haus ist eine hervorragende Ausgangsbasis f\u00fcr den Radsport in all seinen Varianten. Rund um das Hochst\u00e4dter Haus verlaufen viele hoch attraktive Strecken f\u00fcr Mountainbiker, Trekking und das Rennrad. Wir haben eine Fahrradwaschanlage und eine Servicestation und das Caf\u00e9 bietet die M\u00f6glichkeit zur St\u00e4rkung vor und nach der Fahrt, sowie Aufladem\u00f6glichkeiten f\u00fcr E-Bikes.<\/p>\n<h2>Unsere Streckenempfehlungen<\/h2>\n<h3>Der Fuchstrail<\/h3>\n<p>F\u00fcr intensive Abfahrten bieten sich direkt am Haus die Strecken des Fuchstrails an, die allerdings nur den Mitgliedern des <a href=\"https:\/\/fuchstrail.clubdesk.com\/willkommen\">RTC Bergstrasse\/Odenwald e.V.<\/a> offenstehen. Wenn Sie diese Strecken befahren m\u00f6chten, k\u00f6nnen Sie sich beim Verein um eine Mitgliedschaft bewerben oder sprechen Sie einfach einen Fuchstrailer an, die sich vor allem am Wochenende am Hochst\u00e4dter Haus aufhalten.<\/p>\n<h3>Die Montana-Strecken<\/h3>\n<p><span style=\"font-size: 16px;\">Zwei sehr attraktive Mountainbike-Strecken wurden anl\u00e4sslich der Veranstaltung &#8220;Tour de Montana 2022&#8221; erschlossen. Diese Benefiz-Radtour zugunsten krebskranker Kinder wurde vom F\u00f6rderverein gemeinsam mit dem <a href=\"http:\/\/www.tdh-bensheim.de\/\">Team Bensheim &#8211; Tour der Hoffnung e.V.<\/a> organisiert. Bei dieser Veranstaltung waren 709 Teilnehmer am Start, einen ausf\u00fchrlichen Bericht \u00fcber diese sehr erfolgreiche Veranstaltung k\u00f6nnen Sie auf der Seite <\/span><a style=\"font-size: 16px;\" href=\"http:\/\/www.tdh-bensheim.de\/de\/presse\/berichte\/2022-06-27-Die-Bergstraesser-Tour-de-Montana-bringt-127-700-Euro-fuer-einen-guten-Zweck.php\">Tour der Hoffnung<\/a>\u00a0nachlesen.<\/p>\n<h4><img loading=\"lazy\" decoding=\"async\" class=\"alignnone size-medium wp-image-3032\" src=\"https:\/\/xn--hochstdter-haus-5kb.de\/wp-content\/uploads\/2022\/01\/plakat-2022-tour-de-montana-cad7c2790941dbdgb8ecdef08787ac9a-e1642345033763-300x189.jpg\" alt=\"\" width=\"300\" height=\"189\" srcset=\"https:\/\/xn--hochstdter-haus-5kb.de\/wp-content\/uploads\/2022\/01\/plakat-2022-tour-de-montana-cad7c2790941dbdgb8ecdef08787ac9a-e1642345033763-300x189.jpg 300w, https:\/\/xn--hochstdter-haus-5kb.de\/wp-content\/uploads\/2022\/01\/plakat-2022-tour-de-montana-cad7c2790941dbdgb8ecdef08787ac9a-e1642345033763.jpg 384w\" sizes=\"auto, (max-width: 300px) 100vw, 300px\" \/><\/h4>\n<h4>Die &#8220;gro\u00dfe Montana&#8221;<\/h4>\n<p>F\u00fcr deutlich sportlich ambitionierte Biker mit guter Kondition und schon reichlich Erfahrung ist diese Strecke sehr zu empfehlen. Zu bew\u00e4ltigen sind\u00a0 1.200 H\u00f6henmeter und 35 Kilometern Streckenl\u00e4nge, wof\u00fcr man etwa dreieinhalb Stunden einplanen sollte. Vor allem sind drei gr\u00f6\u00dfere Anstiege zu bew\u00e4ltigen und mit dem 517 Meter hohen Melibokus wird der h\u00f6chste Punkt des vorderen Odenwaldes erreicht. Die Strecke f\u00fchrt durch die Weinberge und bietet viele Aussichtspunkte. Eine genauere Beschreibung findet man auf Komoot unter dem Link <span style=\"color: #0000ff;\"><em><strong><a style=\"color: #0000ff;\" href=\"https:\/\/www.komoot.de\/tour\/638814068?ref=itd&amp;share_token=a5XxfLKZ3Nfm1YgD8r1csZSinXZ1APHU47DflrtDlDQqryO9uQ\">gro\u00dfe Montana<\/a><\/strong><\/em><\/span>. Sie k\u00f6nnen aber auch die GPX-Daten <span style=\"color: #0000ff;\"><strong><em><a style=\"color: #0000ff;\" href=\"https:\/\/xn--hochstdter-haus-5kb.de\/wp-content\/uploads\/2022\/06\/grosse_Montana.zip\">grosse_Montana.zip<\/a> <\/em><\/strong><\/span>herunterladen und mit einem geeigneten Navigationsger\u00e4t verwenden.<\/p>\n<h4>Die &#8220;kleine Montana&#8221;<\/h4>\n<p>Die in knapp zwei Stunden zu bew\u00e4ltigende kurze Strecke f\u00fchrt nach 500 H\u00f6henmetern und knapp 20 Kilometer L\u00e4nge vom Startpunkt Hochst\u00e4dter Haus in Richtung Felsberg, \u00fcber Zwingenberg und unterhalb des Auerbacher Schlosses zur\u00fcck zum Start. Diese Strecke ist durchaus f\u00fcr Anf\u00e4nger und Familien zu empfehlen, bedarf jedoch auch einer gewissen Grundkondition. Die detaillierte Beschreibung finden Sie unter dem Link <span style=\"color: #0000ff;\"><em><strong><a style=\"color: #0000ff;\" href=\"https:\/\/www.komoot.de\/tour\/638812552?ref=itd&amp;share_token=a88O7TVAa7kPOrhRRKG8rIGeect8gnG5s7pfsqYkvlYC51cI94\">kleine Montana<\/a><\/strong><\/em><\/span>. Auch hier k\u00f6nnen Sie die GPX-Datei <strong><em><span style=\"color: #0000ff;\"><a style=\"color: #0000ff;\" href=\"https:\/\/xn--hochstdter-haus-5kb.de\/wp-content\/uploads\/2022\/06\/kleine_Montana.zip\">kleine_Montana.zip<\/a> <\/span><\/em><\/strong>direkt verwenden.<\/p>\n<p>&nbsp;<\/p>\n","protected":false},"excerpt":{"rendered":"<p>Das Hochst\u00e4dter Haus ist eine hervorragende Ausgangsbasis f\u00fcr den Radsport in all seinen Varianten. Rund um das Hochst\u00e4dter Haus verlaufen viele hoch attraktive Strecken f\u00fcr Mountainbiker, Trekking und das Rennrad. Wir haben eine Fahrradwaschanlage und eine Servicestation und das Caf\u00e9 bietet die M\u00f6glichkeit zur St\u00e4rkung vor und nach der Fahrt, sowie Aufladem\u00f6glichkeiten f\u00fcr E-Bikes. Unsere [&hellip;]<\/p>\n","protected":false},"author":1,"featured_media":0,"parent":0,"menu_order":0,"comment_status":"closed","ping_status":"closed","template":"","meta":{"footnotes":""},"class_list":["post-3426","page","type-page","status-publish","hentry"],"_links":{"self":[{"href":"https:\/\/hochst\u00e4dter-haus.de\/index.php?rest_route=\/wp\/v2\/pages\/3426","targetHints":{"allow":["GET"]}}],"collection":[{"href":"https:\/\/hochst\u00e4dter-haus.de\/index.php?rest_route=\/wp\/v2\/pages"}],"about":[{"href":"https:\/\/hochst\u00e4dter-haus.de\/index.php?rest_route=\/wp\/v2\/types\/page"}],"author":[{"embeddable":true,"href":"https:\/\/hochst\u00e4dter-haus.de\/index.php?rest_route=\/wp\/v2\/users\/1"}],"replies":[{"embeddable":true,"href":"https:\/\/hochst\u00e4dter-haus.de\/index.php?rest_route=%2Fwp%2Fv2%2Fcomments&post=3426"}],"version-history":[{"count":5,"href":"https:\/\/hochst\u00e4dter-haus.de\/index.php?rest_route=\/wp\/v2\/pages\/3426\/revisions"}],"predecessor-version":[{"id":4896,"href":"https:\/\/hochst\u00e4dter-haus.de\/index.php?rest_route=\/wp\/v2\/pages\/3426\/revisions\/4896"}],"wp:attachment":[{"href":"https:\/\/hochst\u00e4dter-haus.de\/index.php?rest_route=%2Fwp%2Fv2%2Fmedia&parent=3426"}],"curies":[{"name":"wp","href":"https:\/\/api.w.org\/{rel}","templated":true}]}}