{"id":40,"date":"2018-04-14T21:52:01","date_gmt":"2018-04-14T19:52:01","guid":{"rendered":"https:\/\/hodoca.wordpress.com\/?page_id=34"},"modified":"2023-12-30T20:45:28","modified_gmt":"2023-12-30T19:45:28","slug":"foerderverein","status":"publish","type":"page","link":"https:\/\/hochst\u00e4dter-haus.de\/?page_id=40","title":{"rendered":"F\u00f6rderverein Hochst\u00e4dten"},"content":{"rendered":"\n<style type=\"text\/css\" data-created_by=\"avia_inline_auto\" id=\"style-css-av-lqsh1e10-3e8b9257308ee935da7f6ae7cce1a93c\">\n.avia-image-container.av-lqsh1e10-3e8b9257308ee935da7f6ae7cce1a93c img.avia_image{\nbox-shadow:none;\n}\n.avia-image-container.av-lqsh1e10-3e8b9257308ee935da7f6ae7cce1a93c .av-image-caption-overlay-center{\ncolor:#ffffff;\n}\n<\/style>\n<div  class='avia-image-container av-lqsh1e10-3e8b9257308ee935da7f6ae7cce1a93c av-styling- avia-align-left  avia-builder-el-0  el_before_av_textblock  avia-builder-el-first '   itemprop=\"image\" itemscope=\"itemscope\" itemtype=\"https:\/\/schema.org\/ImageObject\" ><div class=\"avia-image-container-inner\"><div class=\"avia-image-overlay-wrap\"><img decoding=\"async\" fetchpriority=\"high\" class='wp-image-4265 avia-img-lazy-loading-not-4265 avia_image ' src=\"https:\/\/xn--hochstdter-haus-5kb.de\/wp-content\/uploads\/2023\/12\/Foerderverein-Hochstaedten-Logo-rgb-300x300.jpg\" alt='' title='Foerderverein-Hochstaedten-Logo-rgb'  height=\"300\" width=\"300\"  itemprop=\"thumbnailUrl\"  \/><\/div><\/div><\/div>\n<section  class='av_textblock_section av-29v3k-e6c7022d4e24d9439b579bda6129e8ab '   itemscope=\"itemscope\" itemtype=\"https:\/\/schema.org\/CreativeWork\" ><div class='avia_textblock'  itemprop=\"text\" ><p>Der <a href=\"http:\/\/f\u00f6rderverein-heimatpflege-hochst\u00e4dten.de\/Startseite\/\">F\u00f6rderverein Hochst\u00e4dten<\/a> hat sich zum Ziel gesetzt, das Leben in Bensheim-Hochst\u00e4dten mit Sicht auf die zuk\u00fcnftige demographische Entwicklung weiter attraktiv zu halten und dar\u00fcber hinaus kontinuierlich zu verbessern. Was macht das Leben in Hochst\u00e4dten f\u00fcr die B\u00fcrger einfacher, interessanter und lebenswerter? Wie kann jeder einzelne sein direktes Wohnumfeld positiver gestalten und in seine zuk\u00fcnftige Infrastruktur &#8220;investieren&#8221;? Das sind Fragen, die den Verein besch\u00e4ftigen und f\u00fcr die wir L\u00f6sungen erarbeiten.<\/p>\n<p>Die detaillierte Satzung des Vereins finden Sie hier: <a href=\"https:\/\/xn--hochstdter-haus-5kb.de\/wp-content\/uploads\/2023\/12\/Satzung-des-Foerdervereins-Hochstaedten-e.V.pdf\">Satzung des F\u00f6rdervereins Hochst\u00e4dten e.V.<\/a><\/p>\n<\/div><\/section>\n","protected":false},"excerpt":{"rendered":"","protected":false},"author":1,"featured_media":4265,"parent":3676,"menu_order":2,"comment_status":"closed","ping_status":"closed","template":"","meta":{"footnotes":""},"class_list":["post-40","page","type-page","status-publish","has-post-thumbnail","hentry"],"_links":{"self":[{"href":"https:\/\/hochst\u00e4dter-haus.de\/index.php?rest_route=\/wp\/v2\/pages\/40","targetHints":{"allow":["GET"]}}],"collection":[{"href":"https:\/\/hochst\u00e4dter-haus.de\/index.php?rest_route=\/wp\/v2\/pages"}],"about":[{"href":"https:\/\/hochst\u00e4dter-haus.de\/index.php?rest_route=\/wp\/v2\/types\/page"}],"author":[{"embeddable":true,"href":"https:\/\/hochst\u00e4dter-haus.de\/index.php?rest_route=\/wp\/v2\/users\/1"}],"replies":[{"embeddable":true,"href":"https:\/\/hochst\u00e4dter-haus.de\/index.php?rest_route=%2Fwp%2Fv2%2Fcomments&post=40"}],"version-history":[{"count":5,"href":"https:\/\/hochst\u00e4dter-haus.de\/index.php?rest_route=\/wp\/v2\/pages\/40\/revisions"}],"predecessor-version":[{"id":4269,"href":"https:\/\/hochst\u00e4dter-haus.de\/index.php?rest_route=\/wp\/v2\/pages\/40\/revisions\/4269"}],"up":[{"embeddable":true,"href":"https:\/\/hochst\u00e4dter-haus.de\/index.php?rest_route=\/wp\/v2\/pages\/3676"}],"wp:featuredmedia":[{"embeddable":true,"href":"https:\/\/hochst\u00e4dter-haus.de\/index.php?rest_route=\/wp\/v2\/media\/4265"}],"wp:attachment":[{"href":"https:\/\/hochst\u00e4dter-haus.de\/index.php?rest_route=%2Fwp%2Fv2%2Fmedia&parent=40"}],"curies":[{"name":"wp","href":"https:\/\/api.w.org\/{rel}","templated":true}]}}