{"id":4023,"date":"2023-09-11T12:51:00","date_gmt":"2023-09-11T10:51:00","guid":{"rendered":"https:\/\/hochst\u00e4dter-haus.de\/?page_id=4023"},"modified":"2023-12-13T09:02:25","modified_gmt":"2023-12-13T08:02:25","slug":"anmeldung-zur-montana-2-0","status":"publish","type":"page","link":"https:\/\/hochst\u00e4dter-haus.de\/?page_id=4023","title":{"rendered":"Anmeldung zur Montana 2.0"},"content":{"rendered":"<div  class='avia-logo-element-container av-lnrjkxod-b18300f100b82080df856ec5cb83e21a avia-logo-grid avia-content-slider avia-smallarrow-slider avia-content-grid-active noHover avia-content-slider-even  avia-builder-el-0  el_before_av_heading  avia-builder-el-first  avia-content-slider1' ><div class='avia-smallarrow-slider-heading  no-logo-slider-heading '><div class='new-special-heading'>&nbsp;<\/div><\/div><div class=\"avia-content-slider-inner\"><div class=\"slide-entry-wrap\"><div  class='slide-entry av-2a0jon-e1b676c3008de988af5d2c7cca0c4613 flex_column no_margin av_one_half real-thumbnail post-entry slide-entry-overview slide-loop-1 slide-parity-odd  first'><img decoding=\"async\" fetchpriority=\"high\" width=\"180\" height=\"180\" src=\"https:\/\/xn--hochstdter-haus-5kb.de\/wp-content\/uploads\/2023\/10\/TdH-Logo.neu_.Team_.Bensheim-180x180.jpg\" class=\"wp-image-4071 avia-img-lazy-loading-not-4071 attachment-square size-square\" alt=\"\" srcset=\"https:\/\/xn--hochstdter-haus-5kb.de\/wp-content\/uploads\/2023\/10\/TdH-Logo.neu_.Team_.Bensheim-180x180.jpg 180w, https:\/\/xn--hochstdter-haus-5kb.de\/wp-content\/uploads\/2023\/10\/TdH-Logo.neu_.Team_.Bensheim-80x80.jpg 80w, https:\/\/xn--hochstdter-haus-5kb.de\/wp-content\/uploads\/2023\/10\/TdH-Logo.neu_.Team_.Bensheim-36x36.jpg 36w\" sizes=\"(max-width: 180px) 100vw, 180px\" \/><\/div><div  class='slide-entry av-av_partner_logo-e769349afa872c75d56dae91c7aa47c4 flex_column no_margin av_one_half real-thumbnail post-entry slide-entry-overview slide-loop-2 slide-parity-even post-entry-last '><img decoding=\"async\" fetchpriority=\"high\" width=\"180\" height=\"180\" src=\"https:\/\/xn--hochstdter-haus-5kb.de\/wp-content\/uploads\/2023\/10\/Das-Hochstaedter-Haus-Logo-blau-mit-Text-rgb-180x180.jpg\" class=\"wp-image-4112 avia-img-lazy-loading-not-4112 attachment-square size-square\" alt=\"\" srcset=\"https:\/\/xn--hochstdter-haus-5kb.de\/wp-content\/uploads\/2023\/10\/Das-Hochstaedter-Haus-Logo-blau-mit-Text-rgb-180x180.jpg 180w, https:\/\/xn--hochstdter-haus-5kb.de\/wp-content\/uploads\/2023\/10\/Das-Hochstaedter-Haus-Logo-blau-mit-Text-rgb-300x300.jpg 300w, https:\/\/xn--hochstdter-haus-5kb.de\/wp-content\/uploads\/2023\/10\/Das-Hochstaedter-Haus-Logo-blau-mit-Text-rgb-80x80.jpg 80w, https:\/\/xn--hochstdter-haus-5kb.de\/wp-content\/uploads\/2023\/10\/Das-Hochstaedter-Haus-Logo-blau-mit-Text-rgb-36x36.jpg 36w, https:\/\/xn--hochstdter-haus-5kb.de\/wp-content\/uploads\/2023\/10\/Das-Hochstaedter-Haus-Logo-blau-mit-Text-rgb.jpg 591w\" sizes=\"(max-width: 180px) 100vw, 180px\" \/><\/div><\/div><\/div><\/div>\n\n<style type=\"text\/css\" data-created_by=\"avia_inline_auto\" id=\"style-css-av-lmer8kco-c45c893dc80e671966df38b2f4fc006d\">\n#top .av-special-heading.av-lmer8kco-c45c893dc80e671966df38b2f4fc006d{\npadding-bottom:10px;\n}\nbody .av-special-heading.av-lmer8kco-c45c893dc80e671966df38b2f4fc006d .av-special-heading-tag .heading-char{\nfont-size:25px;\n}\n.av-special-heading.av-lmer8kco-c45c893dc80e671966df38b2f4fc006d .av-subheading{\nfont-size:15px;\n}\n<\/style>\n<div  class='av-special-heading av-lmer8kco-c45c893dc80e671966df38b2f4fc006d av-special-heading-h2  avia-builder-el-1  el_after_av_partner  el_before_av_textblock '><h2 class='av-special-heading-tag '  itemprop=\"headline\"  >Anmeldung zur <span class='special_amp'>&#8220;<\/span>Tour de Montana 2.0<span class='special_amp'>&#8221;<\/span><\/h2><div class=\"special-heading-border\"><div class=\"special-heading-inner-border\"><\/div><\/div><\/div>\n<section  class='av_textblock_section av-36go5j-c965fc3231884d82cde32e49c0edd8b1 '   itemscope=\"itemscope\" itemtype=\"https:\/\/schema.org\/CreativeWork\" ><div class='avia_textblock'  itemprop=\"text\" ><style id=\"wpforms-css-vars-3998\">\n\t\t\t\t#wpforms-3998 {\n\t\t\t\t\n\t\t\t}\n\t\t\t<\/style><div class=\"wpforms-container wpforms-container-full wpforms-render-modern\" id=\"wpforms-3998\"><form id=\"wpforms-form-3998\" class=\"wpforms-validate wpforms-form wpforms-ajax-form\" data-formid=\"3998\" method=\"post\" enctype=\"multipart\/form-data\" action=\"\/index.php?rest_route=%2Fwp%2Fv2%2Fpages%2F4023\" data-token=\"ac215882159e9a0bb6b358497db0aea6\" data-token-time=\"1777640733\"><noscript class=\"wpforms-error-noscript\">Bitte aktiviere JavaScript in deinem Browser, um dieses Formular fertigzustellen.<\/noscript><div id=\"wpforms-error-noscript\" style=\"display: none;\">Bitte aktiviere JavaScript in deinem Browser, um dieses Formular fertigzustellen.<\/div><div class=\"wpforms-field-container\"><div id=\"wpforms-3998-field_14-container\" class=\"wpforms-field wpforms-field-html\" data-field-id=\"14\"><div id=\"wpforms-3998-field_14\" aria-errormessage=\"wpforms-3998-field_14-error\"><p><b>Zeitpunkt der Veranstaltung:\u00a0<\/b><\/p>\r\n    <p>\u00a0\u00a0\u00a0 Samstag 15. Juni 2024<\/p>\r\n    <p><b>Veranstaltungsort:\u00a0<\/b><\/p>\r\n    <p>\u00a0\u00a0\u00a0 Hochst\u00e4dter Haus, Josef-Sartorius-Stra\u00dfe 1, 64625 Bensheim <br \/><br \/><\/p>\r\n    <p>Das Merkblatt mit den Teilnahmebedingungen und dem Verhaltenskodex sowie die Datenschutzbestimmungen f\u00fcr Teilnehmer finden Sie hier:<\/p>\r\n    <p>\u00a0\u00a0\u00a0 <a href=\"https:\/\/xn--hochstdter-haus-5kb.de\/wp-content\/uploads\/2023\/12\/Verhaltenskodex-Tour-de-Montana-2.0.pdf\">Verhaltenskodex Tour-de-Montana 2.0<\/a><br \/>\u00a0\u00a0\u00a0 <a href=\"https:\/\/xn--hochstdter-haus-5kb.de\/wp-content\/uploads\/2023\/12\/Datenschutzbestimmung-Tour-de-Montana-2.0.pdf\">Datenschutzbestimmungen Tour-de-Montana-2.0<\/a><\/p>\r\n    <p><br \/><\/p>\r\n    <p><br \/><\/p><\/div><\/div><div id=\"wpforms-3998-field_1-container\" class=\"wpforms-field wpforms-field-name\" data-field-id=\"1\"><fieldset><legend class=\"wpforms-field-label\">Name <span class=\"wpforms-required-label\" aria-hidden=\"true\">*<\/span><\/legend><div class=\"wpforms-field-row wpforms-field-medium\"><div class=\"wpforms-field-row-block wpforms-first wpforms-one-half\"><input type=\"text\" id=\"wpforms-3998-field_1\" class=\"wpforms-field-name-first wpforms-field-required\" name=\"wpforms[fields][1][first]\" aria-errormessage=\"wpforms-3998-field_1-error\" required><label for=\"wpforms-3998-field_1\" class=\"wpforms-field-sublabel after\">Vorname<\/label><\/div><div class=\"wpforms-field-row-block wpforms-one-half\"><input type=\"text\" id=\"wpforms-3998-field_1-last\" class=\"wpforms-field-name-last wpforms-field-required\" name=\"wpforms[fields][1][last]\" aria-errormessage=\"wpforms-3998-field_1-last-error\" required><label for=\"wpforms-3998-field_1-last\" class=\"wpforms-field-sublabel after\">Nachname<\/label><\/div><\/div><\/fieldset><\/div><div id=\"wpforms-3998-field_15-container\" class=\"wpforms-field wpforms-field-email\" data-field-id=\"15\"><label class=\"wpforms-field-label\" for=\"wpforms-3998-field_15\">E-Mail <span class=\"wpforms-required-label\" aria-hidden=\"true\">*<\/span><\/label><input type=\"email\" id=\"wpforms-3998-field_15\" class=\"wpforms-field-medium wpforms-field-required\" name=\"wpforms[fields][15]\" spellcheck=\"false\" aria-errormessage=\"wpforms-3998-field_15-error\" required><\/div><div id=\"wpforms-3998-field_8-container\" class=\"wpforms-field wpforms-field-text\" data-field-id=\"8\"><label class=\"wpforms-field-label\" for=\"wpforms-3998-field_8\">Postleitzahl (f\u00fcr statistische und logistische Zwecke)<\/label><input type=\"text\" id=\"wpforms-3998-field_8\" class=\"wpforms-field-medium\" name=\"wpforms[fields][8]\" aria-errormessage=\"wpforms-3998-field_8-error\" ><\/div><div id=\"wpforms-3998-field_18-container\" class=\"wpforms-field wpforms-field-divider\" data-field-id=\"18\"><h3 id=\"wpforms-3998-field_18\" aria-errormessage=\"wpforms-3998-field_18-error\">SEPA Lastschriftmandat zur Erhebung der Teilnehmergeb\u00fchr<\/h3><\/div><div id=\"wpforms-3998-field_17-container\" class=\"wpforms-field wpforms-field-html\" data-field-id=\"17\"><div id=\"wpforms-3998-field_17\" aria-errormessage=\"wpforms-3998-field_17-error\"><p>Ich erm&auml;chtige den Verein &ldquo;Team Bensheim - Tour der Hoffnung &rdquo;, einmalig die Teilnehmergeb&uuml;hr innerhalb von zwei Wochen nach Best&auml;tigung meiner Anmeldung mittels Lastschrift von meinem Konto einzuziehen (Erwachsene 66\u20ac, Kinder bis 12 Jahre 33\u20ac). Zugleich weise ich mein Kreditinstitut an, die vom Zahlungsempf&auml;nger auf mein Konto gezogenen Lastschriften einzul&ouml;sen.<\/p><\/div><\/div><div id=\"wpforms-3998-field_33-container\" class=\"wpforms-field wpforms-field-html\" data-field-id=\"33\"><div id=\"wpforms-3998-field_33\" aria-errormessage=\"wpforms-3998-field_33-error\"><table style=\"border:none;\" cellpadding=\"1\" cellspacing=\"1\" style=\"width:500px\">\r\n\t<tbody>\r\n\t\t<tr>\r\n\t\t\t<td style=\"border:none;\">Name des Zahlungsempf&auml;ngers:<\/td>\r\n\t\t\t<td style=\"border:none;\">\r\n\t\t\t<p>Tour der Hoffnung &reg; e.V.,&nbsp;Team Bensheim<br \/>\r\n\t\t\tRobert-Bosch-Stra&szlig;e 32b, 64625 Bensheim<\/p>\r\n\t\t\t<\/td>\r\n\t\t<\/tr>\r\n\t\t<tr>\r\n\t\t\t<td style=\"border:none;\">Gl&auml;ubiger-Identifikationsnummer:&nbsp;<\/td>\r\n\t\t\t<td style=\"border:none;\">DE55TDH00000274944<\/td>\r\n\t\t<\/tr>\r\n\t<\/tbody>\r\n<\/table><\/div><\/div><div id=\"wpforms-3998-field_32-container\" class=\"wpforms-field wpforms-field-html\" data-field-id=\"32\"><div id=\"wpforms-3998-field_32\" aria-errormessage=\"wpforms-3998-field_32-error\"><p>Hinweis: Ich kann innerhalb von acht Wochen, beginnend mit dem Belastungsdatum, die Erstattung des belasteten Betrages verlangen. Es gelten dabei die mit meinem Kreditinstitut vereinbarten Bedingungen. Die Teilnahmegeb&uuml;hr ist eine nach &sect; 4 Nr. 22b UStG umsatzsteuerfreie Leistung des Veranstalters, insofern ist der gemeinn&uuml;tzige Verein nicht zur Ausstellung von Spendenbescheinigungen berechtigt.<\/p>\r\n<\/div><\/div><div id=\"wpforms-3998-field_70-container\" class=\"wpforms-field wpforms-field-radio\" data-field-id=\"70\"><fieldset><legend class=\"wpforms-field-label\">Kindertarif<\/legend><ul id=\"wpforms-3998-field_70\"><li class=\"choice-1 depth-1\"><input type=\"radio\" id=\"wpforms-3998-field_70_1\" name=\"wpforms[fields][70]\" value=\"Teilnehmer ist unter 13 Jahre alt\" aria-errormessage=\"wpforms-3998-field_70_1-error\"  ><label class=\"wpforms-field-label-inline\" for=\"wpforms-3998-field_70_1\">Teilnehmer ist unter 13 Jahre alt<\/label><\/li><\/ul><\/fieldset><\/div><div id=\"wpforms-3998-field_19-container\" class=\"wpforms-field wpforms-field-text\" data-field-id=\"19\"><label class=\"wpforms-field-label\" for=\"wpforms-3998-field_19\">Kontoinhaber \/ Kontoinhaberin: <span class=\"wpforms-required-label\" aria-hidden=\"true\">*<\/span><\/label><input type=\"text\" id=\"wpforms-3998-field_19\" class=\"wpforms-field-medium wpforms-field-required\" name=\"wpforms[fields][19]\" aria-errormessage=\"wpforms-3998-field_19-error\" required><\/div><div id=\"wpforms-3998-field_20-container\" class=\"wpforms-field wpforms-field-text\" data-field-id=\"20\"><label class=\"wpforms-field-label\" for=\"wpforms-3998-field_20\">IBAN: <span class=\"wpforms-required-label\" aria-hidden=\"true\">*<\/span><\/label><input type=\"text\" id=\"wpforms-3998-field_20\" class=\"wpforms-field-medium wpforms-field-required\" name=\"wpforms[fields][20]\" aria-errormessage=\"wpforms-3998-field_20-error\" required><\/div><div id=\"wpforms-3998-field_3-container\" class=\"wpforms-field wpforms-field-radio\" data-field-id=\"3\"><fieldset><legend class=\"wpforms-field-label\">Ich m\u00f6chte mich f\u00fcr die folgende Tour anmelden: <span class=\"wpforms-required-label\" aria-hidden=\"true\">*<\/span><\/legend><ul id=\"wpforms-3998-field_3\" class=\"wpforms-field-required\"><li class=\"choice-2 depth-1\"><input type=\"radio\" id=\"wpforms-3998-field_3_2\" name=\"wpforms[fields][3]\" value=\"Gro\u00dfe oder kleine MTB-Strecke\" aria-errormessage=\"wpforms-3998-field_3_2-error\" required ><label class=\"wpforms-field-label-inline\" for=\"wpforms-3998-field_3_2\">Gro\u00dfe oder kleine MTB-Strecke<\/label><\/li><li class=\"choice-4 depth-1\"><input type=\"radio\" id=\"wpforms-3998-field_3_4\" name=\"wpforms[fields][3]\" value=\"Wanderung\" aria-errormessage=\"wpforms-3998-field_3_4-error\" required ><label class=\"wpforms-field-label-inline\" for=\"wpforms-3998-field_3_4\">Wanderung<\/label><\/li><\/ul><\/fieldset><\/div><div id=\"wpforms-3998-field_66-container\" class=\"wpforms-field wpforms-field-content\" data-field-id=\"66\"><div id=\"wpforms-3998-field_66\" class=\"wpforms-field-large wpforms-field-row\" aria-errormessage=\"wpforms-3998-field_66-error\"><p><span style=\"color: #ff0000\"><em>Die Rennradstrecke ist mittlerweile leider ausgebucht.<\/em><\/span><\/p>\n<div class=\"wpforms-field-content-display-frontend-clear\"><\/div><\/div><\/div><div id=\"wpforms-3998-field_54-container\" class=\"wpforms-field wpforms-field-content\" data-field-id=\"54\"><div id=\"wpforms-3998-field_54\" class=\"wpforms-field-large wpforms-field-row\" aria-errormessage=\"wpforms-3998-field_54-error\"><p><em>Hinweis: Die Anmeldung wird erst durch die schriftliche Best\u00e4tigung (E-Mail) des Vereins <span style=\"text-decoration: underline\">ODER<\/span> dem SEPA-Einzug der Teilnehmergeb\u00fchr durch den Verein verbindlich.<\/em><\/p>\n<div class=\"wpforms-field-content-display-frontend-clear\"><\/div><\/div><\/div><div id=\"wpforms-3998-field_21-container\" class=\"wpforms-field wpforms-field-text\" data-field-id=\"21\"><label class=\"wpforms-field-label\" for=\"wpforms-3998-field_21\">Teamname (falls Sie in einer Gruppe starten wollen):<\/label><input type=\"text\" id=\"wpforms-3998-field_21\" class=\"wpforms-field-medium\" name=\"wpforms[fields][21]\" aria-errormessage=\"wpforms-3998-field_21-error\" ><\/div><div id=\"wpforms-3998-field_11-container\" class=\"wpforms-field wpforms-field-radio wpforms-list-2-columns\" data-field-id=\"11\"><fieldset><legend class=\"wpforms-field-label\">Ich habe die Trikotgr\u00f6\u00dfe<\/legend><ul id=\"wpforms-3998-field_11\"><li class=\"choice-1 depth-1\"><input type=\"radio\" id=\"wpforms-3998-field_11_1\" name=\"wpforms[fields][11]\" value=\"XS\" aria-errormessage=\"wpforms-3998-field_11_1-error\"  ><label class=\"wpforms-field-label-inline\" for=\"wpforms-3998-field_11_1\">XS<\/label><\/li><li class=\"choice-2 depth-1\"><input type=\"radio\" id=\"wpforms-3998-field_11_2\" name=\"wpforms[fields][11]\" value=\"S\" aria-errormessage=\"wpforms-3998-field_11_2-error\"  ><label class=\"wpforms-field-label-inline\" for=\"wpforms-3998-field_11_2\">S<\/label><\/li><li class=\"choice-3 depth-1\"><input type=\"radio\" id=\"wpforms-3998-field_11_3\" name=\"wpforms[fields][11]\" value=\"M\" aria-errormessage=\"wpforms-3998-field_11_3-error\"  ><label class=\"wpforms-field-label-inline\" for=\"wpforms-3998-field_11_3\">M<\/label><\/li><li class=\"choice-4 depth-1\"><input type=\"radio\" id=\"wpforms-3998-field_11_4\" name=\"wpforms[fields][11]\" value=\"L\" aria-errormessage=\"wpforms-3998-field_11_4-error\"  ><label class=\"wpforms-field-label-inline\" for=\"wpforms-3998-field_11_4\">L<\/label><\/li><li class=\"choice-5 depth-1\"><input type=\"radio\" id=\"wpforms-3998-field_11_5\" name=\"wpforms[fields][11]\" value=\"XL\" aria-errormessage=\"wpforms-3998-field_11_5-error\"  ><label class=\"wpforms-field-label-inline\" for=\"wpforms-3998-field_11_5\">XL<\/label><\/li><li class=\"choice-6 depth-1\"><input type=\"radio\" id=\"wpforms-3998-field_11_6\" name=\"wpforms[fields][11]\" value=\"XXL\" aria-errormessage=\"wpforms-3998-field_11_6-error\"  ><label class=\"wpforms-field-label-inline\" for=\"wpforms-3998-field_11_6\">XXL<\/label><\/li><li class=\"choice-7 depth-1\"><input type=\"radio\" id=\"wpforms-3998-field_11_7\" name=\"wpforms[fields][11]\" value=\"XXXL\" aria-errormessage=\"wpforms-3998-field_11_7-error\"  ><label class=\"wpforms-field-label-inline\" for=\"wpforms-3998-field_11_7\">XXXL<\/label><\/li><\/ul><\/fieldset><\/div><div id=\"wpforms-3998-field_24-container\" class=\"wpforms-field wpforms-field-html\" data-field-id=\"24\"><div id=\"wpforms-3998-field_24\" aria-errormessage=\"wpforms-3998-field_24-error\"><p><strong>Hinweis:&nbsp;<\/strong><\/p>\r\n<p style=\"color:red;\">Die Gr\u00f6\u00dfen XS, S und M sind f\u00fcr die Rennradstrecke bereits vergriffen. Wir werden in diesen F\u00e4llen die passenden MTB-Trikots reservieren.<\/p>\r\n<p>Hier finden Sie eine Gr\u00f6\u00dfentabelle mit den genauen Ma\u00dfen der Trikots:<\/p>\r\n<p>&nbsp;<\/p><\/div><\/div><div id=\"wpforms-3998-field_64-container\" class=\"wpforms-field wpforms-field-content\" data-field-id=\"64\"><div id=\"wpforms-3998-field_64\" class=\"wpforms-field-medium wpforms-field-row\" aria-errormessage=\"wpforms-3998-field_64-error\"><p><strong><span style=\"color: #0000ff\"><a href=\"https:\/\/xn--hochstdter-haus-5kb.de\/wp-content\/uploads\/2023\/11\/Trikot-Groessentabelle-Rennrad.pdf\" style=\"color: #0000ff\">Trikot Gr\u00f6\u00dfentabelle Rennrad<\/a><\/span><\/strong><\/p>\n<div class=\"wpforms-field-content-display-frontend-clear\"><\/div><\/div><\/div><div id=\"wpforms-3998-field_65-container\" class=\"wpforms-field wpforms-field-content\" data-field-id=\"65\"><div id=\"wpforms-3998-field_65\" class=\"wpforms-field-medium wpforms-field-row\" aria-errormessage=\"wpforms-3998-field_65-error\"><p><span style=\"color: #0000ff\"><strong><a href=\"https:\/\/xn--hochstdter-haus-5kb.de\/wp-content\/uploads\/2023\/10\/Trikots-Groessentabelle-MTB-und-Walking.pdf\" style=\"color: #0000ff\">Trikots Gr\u00f6\u00dfentabelle MTB und Walking<\/a><\/strong><\/span><\/p>\n<div class=\"wpforms-field-content-display-frontend-clear\"><\/div><\/div><\/div><div id=\"wpforms-3998-field_22-container\" class=\"wpforms-field wpforms-field-divider\" data-field-id=\"22\"><h3 id=\"wpforms-3998-field_22\" aria-errormessage=\"wpforms-3998-field_22-error\">Best\u00e4tigung und Anmeldung<\/h3><\/div><div id=\"wpforms-3998-field_4-container\" class=\"wpforms-field wpforms-field-checkbox\" data-field-id=\"4\"><fieldset><legend class=\"wpforms-field-label\">Ich habe die Teilnahmebedingungen gelesen und akzeptiere <span class=\"wpforms-required-label\" aria-hidden=\"true\">*<\/span><\/legend><ul id=\"wpforms-3998-field_4\" class=\"wpforms-field-required\"><li class=\"choice-1 depth-1\"><input type=\"checkbox\" id=\"wpforms-3998-field_4_1\" name=\"wpforms[fields][4][]\" value=\"Die Haftungseinschr\u00e4nkungen\" aria-errormessage=\"wpforms-3998-field_4_1-error\" required ><label class=\"wpforms-field-label-inline\" for=\"wpforms-3998-field_4_1\">Die Haftungseinschr\u00e4nkungen<\/label><\/li><li class=\"choice-2 depth-1\"><input type=\"checkbox\" id=\"wpforms-3998-field_4_2\" name=\"wpforms[fields][4][]\" value=\"Die Datenschutzbestimmungen\" aria-errormessage=\"wpforms-3998-field_4_2-error\" required ><label class=\"wpforms-field-label-inline\" for=\"wpforms-3998-field_4_2\">Die Datenschutzbestimmungen<\/label><\/li><li class=\"choice-3 depth-1\"><input type=\"checkbox\" id=\"wpforms-3998-field_4_3\" name=\"wpforms[fields][4][]\" value=\"Den Verhaltenskodex f\u00fcr die Teilnehmer\" aria-errormessage=\"wpforms-3998-field_4_3-error\" required ><label class=\"wpforms-field-label-inline\" for=\"wpforms-3998-field_4_3\">Den Verhaltenskodex f\u00fcr die Teilnehmer<\/label><\/li><\/ul><\/fieldset><\/div><div id=\"wpforms-3998-field_23-container\" class=\"wpforms-field wpforms-field-html\" data-field-id=\"23\"><div id=\"wpforms-3998-field_23\" aria-errormessage=\"wpforms-3998-field_23-error\"><\/div><\/div><div id=\"wpforms-3998-field_28-container\" class=\"wpforms-field wpforms-field-layout\" data-field-id=\"28\"><div class=\"wpforms-field-layout-columns wpforms-field-layout-preset-50-50\"><div class=\"wpforms-layout-column wpforms-layout-column-50\" ><\/div><div class=\"wpforms-layout-column wpforms-layout-column-50\" ><\/div><\/div><\/div><\/div><!-- .wpforms-field-container --><div class=\"wpforms-submit-container\" ><input type=\"hidden\" name=\"wpforms[id]\" value=\"3998\"><input type=\"hidden\" name=\"page_title\" value=\"\"><input type=\"hidden\" name=\"page_url\" value=\"https:\/\/hochst\u00e4dter-haus.de\/index.php?rest_route=\/wp\/v2\/pages\/4023\"><input type=\"hidden\" name=\"url_referer\" value=\"\"><button type=\"submit\" name=\"wpforms[submit]\" id=\"wpforms-submit-3998\" class=\"wpforms-submit\" data-alt-text=\"Sending...\" data-submit-text=\"Submit\" aria-live=\"assertive\" value=\"wpforms-submit\">Submit<\/button><img loading=\"lazy\" decoding=\"async\" src=\"https:\/\/xn--hochstdter-haus-5kb.de\/wp-content\/plugins\/wpforms\/assets\/images\/submit-spin.svg\" class=\"wpforms-submit-spinner\" style=\"display: none;\" width=\"26\" height=\"26\" alt=\"Wird geladen\"><\/div><\/form><\/div>  <!-- .wpforms-container -->\n<\/div><\/section>\n","protected":false},"excerpt":{"rendered":"","protected":false},"author":1,"featured_media":0,"parent":0,"menu_order":0,"comment_status":"closed","ping_status":"closed","template":"template-blank.php","meta":{"footnotes":""},"class_list":["post-4023","page","type-page","status-publish","hentry"],"_links":{"self":[{"href":"https:\/\/hochst\u00e4dter-haus.de\/index.php?rest_route=\/wp\/v2\/pages\/4023","targetHints":{"allow":["GET"]}}],"collection":[{"href":"https:\/\/hochst\u00e4dter-haus.de\/index.php?rest_route=\/wp\/v2\/pages"}],"about":[{"href":"https:\/\/hochst\u00e4dter-haus.de\/index.php?rest_route=\/wp\/v2\/types\/page"}],"author":[{"embeddable":true,"href":"https:\/\/hochst\u00e4dter-haus.de\/index.php?rest_route=\/wp\/v2\/users\/1"}],"replies":[{"embeddable":true,"href":"https:\/\/hochst\u00e4dter-haus.de\/index.php?rest_route=%2Fwp%2Fv2%2Fcomments&post=4023"}],"version-history":[{"count":5,"href":"https:\/\/hochst\u00e4dter-haus.de\/index.php?rest_route=\/wp\/v2\/pages\/4023\/revisions"}],"predecessor-version":[{"id":4450,"href":"https:\/\/hochst\u00e4dter-haus.de\/index.php?rest_route=\/wp\/v2\/pages\/4023\/revisions\/4450"}],"wp:attachment":[{"href":"https:\/\/hochst\u00e4dter-haus.de\/index.php?rest_route=%2Fwp%2Fv2%2Fmedia&parent=4023"}],"curies":[{"name":"wp","href":"https:\/\/api.w.org\/{rel}","templated":true}]}}