{"id":41,"date":"2018-04-14T21:53:05","date_gmt":"2018-04-14T19:53:05","guid":{"rendered":"https:\/\/hodoca.wordpress.com\/?page_id=36"},"modified":"2024-03-12T18:21:15","modified_gmt":"2024-03-12T17:21:15","slug":"konzept","status":"publish","type":"page","link":"https:\/\/hochst\u00e4dter-haus.de\/?page_id=41","title":{"rendered":"R\u00e4umlichkeiten\/Mieten"},"content":{"rendered":"<p>Das \u201aHochst\u00e4dter Haus\u2018 wurde von Anfang an als Treffpunkt f\u00fcr alle konzipiert. Daher wurde im Obergeschoss ein gro\u00dfz\u00fcgiger Veranstaltungsraum mit einer Kapazit\u00e4t von bis zu 170 Personen geschaffen. Dieser ist nat\u00fcrlich auch zus\u00e4tzlich barrierefrei \u00fcber einen Aufzug zu erreichen. F\u00fcr Veranstaltungen stehen eine B\u00fchne mit moderner Veranstaltungstechnik (Leinwand, Licht, Sound etc.) sowie eine Bar zur Verf\u00fcgung.<\/p>\n<p>Den Hochst\u00e4dtern dient dieser besondere Raum derzeit als Seniorenbegegnungsst\u00e4tte \u2013 hier finden regelm\u00e4\u00dfige Treffen, Spielenachmittage, Sportkurse und Fr\u00fchschoppen statt. Au\u00dferdem bietet es t\u00e4glich Raum f\u00fcr freie und spontane Treffen &#8211; f\u00fcr Klein und Gro\u00df, Ortsans\u00e4ssigen und Freunde. F\u00fcr kleinere Veranstaltungen (bis zu 40 Personen) k\u00f6nnen auch gerne die R\u00e4umlichkeiten des Caf\u00e9s genutzt werden. Der F\u00f6rderverein Hochst\u00e4dten bietet hier soziale, kulinarische und kulturelle Veranstaltungen an.<\/p>\n<p>Dar\u00fcber hinaus steht das Hochst\u00e4dter Haus grunds\u00e4tzlich allen Einwohnern von Hochst\u00e4dten, dem Ortsbeirat, den Hochst\u00e4dter Vereinen und der Stadt Bensheim f\u00fcr private und \u00f6ffentliche Veranstaltungen zur Verf\u00fcgung.<\/p>\n<p>Die genauen Nutzungsmodalit\u00e4ten werden in einer Nutzungsordnung geregelt.<\/p>\n<p>Falls Sie an einer Nutzung\/Miete der R\u00e4umlichkeiten interessiert sind, wenden Sie sich bitte an Susanne Sartorius: mail@hochstaedten.net<\/p>\n<p><img loading=\"lazy\" decoding=\"async\" class=\"alignnone size-medium wp-image-3063\" src=\"https:\/\/xn--hochstdter-haus-5kb.de\/wp-content\/uploads\/2022\/01\/IMG_2231-300x225.jpg\" alt=\"\" width=\"300\" height=\"225\" srcset=\"https:\/\/xn--hochstdter-haus-5kb.de\/wp-content\/uploads\/2022\/01\/IMG_2231-300x225.jpg 300w, https:\/\/xn--hochstdter-haus-5kb.de\/wp-content\/uploads\/2022\/01\/IMG_2231.jpg 640w\" sizes=\"auto, (max-width: 300px) 100vw, 300px\" \/><\/p>\n<div id=\"attachment_917\" style=\"width: 310px\" class=\"wp-caption alignnone\"><img loading=\"lazy\" decoding=\"async\" aria-describedby=\"caption-attachment-917\" class=\"size-medium wp-image-917\" src=\"https:\/\/xn--hochstdter-haus-5kb.de\/wp-content\/uploads\/2019\/09\/woodstock-300x225.jpg\" alt=\"\" width=\"300\" height=\"225\" srcset=\"https:\/\/xn--hochstdter-haus-5kb.de\/wp-content\/uploads\/2019\/09\/woodstock-300x225.jpg 300w, https:\/\/xn--hochstdter-haus-5kb.de\/wp-content\/uploads\/2019\/09\/woodstock-768x576.jpg 768w, https:\/\/xn--hochstdter-haus-5kb.de\/wp-content\/uploads\/2019\/09\/woodstock-1024x768.jpg 1024w, https:\/\/xn--hochstdter-haus-5kb.de\/wp-content\/uploads\/2019\/09\/woodstock-648x486.jpg 648w, https:\/\/xn--hochstdter-haus-5kb.de\/wp-content\/uploads\/2019\/09\/woodstock-256x192.jpg 256w\" sizes=\"auto, (max-width: 300px) 100vw, 300px\" \/><p id=\"caption-attachment-917\" class=\"wp-caption-text\">Veranstaltungsraum<\/p><\/div>\n<p>&nbsp;<\/p>\n<p>&nbsp;<\/p>\n","protected":false},"excerpt":{"rendered":"<p>Das \u201aHochst\u00e4dter Haus\u2018 wurde von Anfang an als Treffpunkt f\u00fcr alle konzipiert. Daher wurde im Obergeschoss ein gro\u00dfz\u00fcgiger Veranstaltungsraum mit einer Kapazit\u00e4t von bis zu 170 Personen geschaffen. Dieser ist nat\u00fcrlich auch zus\u00e4tzlich barrierefrei \u00fcber einen Aufzug zu erreichen. F\u00fcr Veranstaltungen stehen eine B\u00fchne mit moderner Veranstaltungstechnik (Leinwand, Licht, Sound etc.) sowie eine Bar zur [&hellip;]<\/p>\n","protected":false},"author":1,"featured_media":678,"parent":0,"menu_order":0,"comment_status":"closed","ping_status":"closed","template":"","meta":{"footnotes":""},"class_list":["post-41","page","type-page","status-publish","has-post-thumbnail","hentry"],"_links":{"self":[{"href":"https:\/\/hochst\u00e4dter-haus.de\/index.php?rest_route=\/wp\/v2\/pages\/41","targetHints":{"allow":["GET"]}}],"collection":[{"href":"https:\/\/hochst\u00e4dter-haus.de\/index.php?rest_route=\/wp\/v2\/pages"}],"about":[{"href":"https:\/\/hochst\u00e4dter-haus.de\/index.php?rest_route=\/wp\/v2\/types\/page"}],"author":[{"embeddable":true,"href":"https:\/\/hochst\u00e4dter-haus.de\/index.php?rest_route=\/wp\/v2\/users\/1"}],"replies":[{"embeddable":true,"href":"https:\/\/hochst\u00e4dter-haus.de\/index.php?rest_route=%2Fwp%2Fv2%2Fcomments&post=41"}],"version-history":[{"count":5,"href":"https:\/\/hochst\u00e4dter-haus.de\/index.php?rest_route=\/wp\/v2\/pages\/41\/revisions"}],"predecessor-version":[{"id":4355,"href":"https:\/\/hochst\u00e4dter-haus.de\/index.php?rest_route=\/wp\/v2\/pages\/41\/revisions\/4355"}],"wp:featuredmedia":[{"embeddable":true,"href":"https:\/\/hochst\u00e4dter-haus.de\/index.php?rest_route=\/wp\/v2\/media\/678"}],"wp:attachment":[{"href":"https:\/\/hochst\u00e4dter-haus.de\/index.php?rest_route=%2Fwp%2Fv2%2Fmedia&parent=41"}],"curies":[{"name":"wp","href":"https:\/\/api.w.org\/{rel}","templated":true}]}}