{"id":423,"date":"2018-10-20T21:36:59","date_gmt":"2018-10-20T19:36:59","guid":{"rendered":"http:\/\/hochst\u00e4dter-haus.de\/?page_id=423"},"modified":"2023-04-21T18:29:56","modified_gmt":"2023-04-21T16:29:56","slug":"umgebung","status":"publish","type":"page","link":"https:\/\/hochst\u00e4dter-haus.de\/?page_id=423","title":{"rendered":"Umgebung"},"content":{"rendered":"<section  class='av_textblock_section av-87g4n-141a0541e830fe635e1a330f3eaa3aa7 '   itemscope=\"itemscope\" itemtype=\"https:\/\/schema.org\/CreativeWork\" ><div class='avia_textblock'  itemprop=\"text\" ><p>Das Hochst\u00e4dter Haus ist ein guter Ausgangspunkt f\u00fcr Fahrradtouren, Wanderungen und Ausfl\u00fcge in die sch\u00f6ne Odenw\u00e4lder und Bergstr\u00e4\u00dfer Umgebung und f\u00fcr <a href=\"http:\/\/www.geocaching.com\/geocache\/GC82TW4\">Geocaching<\/a>. Parkm\u00f6glichkeiten sind vorhanden.<\/p>\n<p>Der <a href=\"https:\/\/fuchstrail.clubdesk.de\/\">Fuchstrail<\/a> des RTC Bergstra\u00dfe liegt direkt nebenan. Eine Fahrradwaschstation steht zur Verf\u00fcgung.<\/p>\n<p>In unmittelbarer Nachbarschaft des Hochst\u00e4dter Hauses befindet sich der <strong>Gesundbrunnen, auch Gothe-Brunnen<\/strong> genannt. Die im 18. Jahrhundert auf Wunsch des Erbprinzen Landgraf Ludwig VIII. von Hessen Darmstadt errichtete Brunnenanlage ist ein Kulturdenkmal. Weiterf\u00fchrende Informationen finden sich im Internet unter den folgenden Links: <a href=\"https:\/\/de.wikipedia.org\/wiki\/Goethebrunnen_(Bensheim)\">https:\/\/de.wikipedia.org\/wiki\/Goethebrunnen_(Bensheim)<\/a> \u00a0 oder <a href=\"http:\/\/denkxweb.denkmalpflege-hessen.de\/798\/\">http:\/\/denkxweb.denkmalpflege-hessen.de\/798\/ <\/a><\/p>\n<p>Der<strong><a href=\"https:\/\/www.schloesser-hessen.de\/bensheimauerbachstaatspark.html\"> Staatspark F\u00fcrstlager<\/a><\/strong> ist vom Hochst\u00e4dter Haus ohne Parkplatzsuche gut zu erreichen. Ein 3,9 km langer Rundweg (<a href=\"http:\/\/xn--hochstdter-haus-5kb.de\/wp-content\/uploads\/2018\/10\/Route-Fuerstenlager.pdf\">Route-Fuerstenlager<\/a>) mit Start und Ziel am Hochst\u00e4dter Haus f\u00fchrt durch sch\u00f6ne Waldwege und einen Teil des F\u00fcrstenlagers, wo sich herrliche Ausblicke bieten.<\/p>\n<p>Das<strong><a href=\"https:\/\/www.tourismus-odenwald.de\/de\/poi\/detail\/58060957975a663465889e98\/\"> Auerbacher Schloss<\/a> <\/strong>ist 1,9 km vom Hochst\u00e4dter Haus entfernt, wobei etwa 150 m H\u00f6henmeter zu \u00fcberwinden sind:<\/p>\n<p><img loading=\"lazy\" decoding=\"async\" class=\"alignnone wp-image-433\" src=\"http:\/\/xn--hochstdter-haus-5kb.de\/wp-content\/uploads\/2018\/10\/Weg-Auerbacher-Schloss-300x124.png\" alt=\"\" width=\"406\" height=\"168\" \/><\/p>\n<p>Lust auf<strong> Geocaching<\/strong>? Seit neuestem am Hochst\u00e4dter Haus!<br \/>\nHightown Dorfgemeinschaftshaus: <a href=\"http:\/\/www.geocaching.com\/geocache\/GC82TW4\">http:\/\/www.geocaching.com\/geocache\/GC82TW4<\/a><\/p>\n<\/div><\/section>\n\n<style type=\"text\/css\" data-created_by=\"avia_inline_auto\" id=\"style-css-av-kym0x0da-26d7f00ad085f918cfd9f6ea7b20f281\">\n.av-horizontal-gallery.av-kym0x0da-26d7f00ad085f918cfd9f6ea7b20f281{\npadding:3.75% 0px;;\n}\n.av-horizontal-gallery.av-kym0x0da-26d7f00ad085f918cfd9f6ea7b20f281 .av-horizontal-gallery-inner{\npadding-bottom:25%;\n}\n<\/style>\n<div  class='av-horizontal-gallery av-kym0x0da-26d7f00ad085f918cfd9f6ea7b20f281 av-horizontal-gallery-large-gap av-horizontal-gallery-enlarge-effect  avia-builder-el-1  el_after_av_textblock  avia-builder-el-last  av-slideshow-ui av-control-default av-slideshow-manual av-loop-once av-loop-manual-endless av-horizontal-gallery-1' data-slideshow-data=\"{&quot;enlarge&quot;:1.3,&quot;animation&quot;:&quot;slide&quot;,&quot;autoplay&quot;:false,&quot;loop_autoplay&quot;:&quot;once&quot;,&quot;interval&quot;:5,&quot;loop_manual&quot;:&quot;manual-endless&quot;,&quot;autoplay_stopper&quot;:false,&quot;noNavigation&quot;:false,&quot;bg_slider&quot;:false,&quot;keep_padding&quot;:&quot;&quot;,&quot;hoverpause&quot;:false,&quot;show_slide_delay&quot;:0}\"  itemprop=\"image\" itemscope=\"itemscope\" itemtype=\"https:\/\/schema.org\/ImageObject\" ><div class='avia-slideshow-arrows avia-slideshow-controls' ><a href='#prev' class='prev-slide av-horizontal-gallery-prev avia-svg-icon avia-font-svg_entypo-fontello' data-av_svg_icon='left-open-big' data-av_iconset='svg_entypo-fontello' tabindex='-1' title=\"Zur\u00fcck\"><svg version=\"1.1\" xmlns=\"http:\/\/www.w3.org\/2000\/svg\" width=\"15\" height=\"32\" viewBox=\"0 0 15 32\" preserveAspectRatio=\"xMidYMid meet\" aria-labelledby='av-svg-title-1' aria-describedby='av-svg-desc-1' role=\"graphics-symbol\" aria-hidden=\"true\">\n<title id='av-svg-title-1'>Zur\u00fcck<\/title>\n<desc id='av-svg-desc-1'>Zur\u00fcck<\/desc>\n<path d=\"M14.464 27.84q0.832 0.832 0 1.536-0.832 0.832-1.536 0l-12.544-12.608q-0.768-0.768 0-1.6l12.544-12.608q0.704-0.832 1.536 0 0.832 0.704 0 1.536l-11.456 11.904z\"><\/path>\n<\/svg><span class='avia_hidden_link_text'>Zur\u00fcck<\/span><\/a><a href='#next' class='next-slide av-horizontal-gallery-next avia-svg-icon avia-font-svg_entypo-fontello' data-av_svg_icon='right-open-big' data-av_iconset='svg_entypo-fontello' tabindex='-1' title=\"Weiter\"><svg version=\"1.1\" xmlns=\"http:\/\/www.w3.org\/2000\/svg\" width=\"15\" height=\"32\" viewBox=\"0 0 15 32\" preserveAspectRatio=\"xMidYMid meet\" aria-labelledby='av-svg-title-2' aria-describedby='av-svg-desc-2' role=\"graphics-symbol\" aria-hidden=\"true\">\n<title id='av-svg-title-2'>Weiter<\/title>\n<desc id='av-svg-desc-2'>Weiter<\/desc>\n<path d=\"M0.416 27.84l11.456-11.84-11.456-11.904q-0.832-0.832 0-1.536 0.832-0.832 1.536 0l12.544 12.608q0.768 0.832 0 1.6l-12.544 12.608q-0.704 0.832-1.536 0-0.832-0.704 0-1.536z\"><\/path>\n<\/svg><span class='avia_hidden_link_text'>Weiter<\/span><\/a><\/div><div class='avia-slideshow-dots avia-slideshow-controls av-horizontal-gallery-dots fade-in'><a href='#1' class='goto-slide active' >1<\/a><a href='#2' class='goto-slide ' >2<\/a><a href='#3' class='goto-slide ' >3<\/a><\/div><div class='av-horizontal-gallery-inner' data-av-height='25'><div class=\"av-horizontal-gallery-slider\"><div class=\"av-horizontal-gallery-wrap noHover\"><img decoding=\"async\" fetchpriority=\"high\" class='wp-image-3084 avia-img-lazy-loading-not-3084 av-horizontal-gallery-img' width=\"240\" height=\"320\" src=\"https:\/\/xn--hochstdter-haus-5kb.de\/wp-content\/uploads\/2022\/01\/fw.jpg\" title='fw' alt='' srcset=\"https:\/\/xn--hochstdter-haus-5kb.de\/wp-content\/uploads\/2022\/01\/fw.jpg 240w, https:\/\/xn--hochstdter-haus-5kb.de\/wp-content\/uploads\/2022\/01\/fw-225x300.jpg 225w\" sizes=\"(max-width: 240px) 100vw, 240px\" \/><a href=\"https:\/\/xn--hochstdter-haus-5kb.de\/wp-content\/uploads\/2022\/01\/fw.jpg\" data-srcset=\"https:\/\/xn--hochstdter-haus-5kb.de\/wp-content\/uploads\/2022\/01\/fw.jpg 240w, https:\/\/xn--hochstdter-haus-5kb.de\/wp-content\/uploads\/2022\/01\/fw-225x300.jpg 225w\" data-sizes=\"(max-width: 240px) 100vw, 240px\" class='av-horizontal-gallery-link avia-svg-icon avia-font-svg_entypo-fontello' data-av_svg_icon='resize-full' data-av_iconset='svg_entypo-fontello' title='fw' alt='' aria-label='Open image in lightbox: fw'><svg version=\"1.1\" xmlns=\"http:\/\/www.w3.org\/2000\/svg\" width=\"25\" height=\"32\" viewBox=\"0 0 25 32\" preserveAspectRatio=\"xMidYMid meet\" aria-labelledby='av-svg-title-3' aria-describedby='av-svg-desc-3' role=\"graphics-symbol\" aria-hidden=\"true\">\n<title id='av-svg-title-3'>Open image in lightbox: fw<\/title>\n<desc id='av-svg-desc-3'>Open image in lightbox: fw<\/desc>\n<path d=\"M15.232 3.328h10.112v10.112l-3.2-3.968-4.672 4.864-3.2-3.2 4.864-4.672zM7.872 17.536l3.2 3.2-4.864 4.672 3.904 3.2h-10.112v-10.112l3.2 3.904z\"><\/path>\n<\/svg><\/a><\/div><div class=\"av-horizontal-gallery-wrap noHover\"><img decoding=\"async\" fetchpriority=\"high\" class='wp-image-3083 avia-img-lazy-loading-not-3083 av-horizontal-gallery-img' width=\"640\" height=\"480\" src=\"https:\/\/xn--hochstdter-haus-5kb.de\/wp-content\/uploads\/2022\/01\/fahrradwasch1.jpg\" title='fahrradwasch1' alt='' srcset=\"https:\/\/xn--hochstdter-haus-5kb.de\/wp-content\/uploads\/2022\/01\/fahrradwasch1.jpg 640w, https:\/\/xn--hochstdter-haus-5kb.de\/wp-content\/uploads\/2022\/01\/fahrradwasch1-300x225.jpg 300w\" sizes=\"(max-width: 640px) 100vw, 640px\" \/><a href=\"https:\/\/xn--hochstdter-haus-5kb.de\/wp-content\/uploads\/2022\/01\/fahrradwasch1.jpg\" data-srcset=\"https:\/\/xn--hochstdter-haus-5kb.de\/wp-content\/uploads\/2022\/01\/fahrradwasch1.jpg 640w, https:\/\/xn--hochstdter-haus-5kb.de\/wp-content\/uploads\/2022\/01\/fahrradwasch1-300x225.jpg 300w\" data-sizes=\"(max-width: 640px) 100vw, 640px\" class='av-horizontal-gallery-link avia-svg-icon avia-font-svg_entypo-fontello' data-av_svg_icon='resize-full' data-av_iconset='svg_entypo-fontello' title='fahrradwasch1' alt='' aria-label='Open image in lightbox: fahrradwasch1'><svg version=\"1.1\" xmlns=\"http:\/\/www.w3.org\/2000\/svg\" width=\"25\" height=\"32\" viewBox=\"0 0 25 32\" preserveAspectRatio=\"xMidYMid meet\" aria-labelledby='av-svg-title-4' aria-describedby='av-svg-desc-4' role=\"graphics-symbol\" aria-hidden=\"true\">\n<title id='av-svg-title-4'>Open image in lightbox: fahrradwasch1<\/title>\n<desc id='av-svg-desc-4'>Open image in lightbox: fahrradwasch1<\/desc>\n<path d=\"M15.232 3.328h10.112v10.112l-3.2-3.968-4.672 4.864-3.2-3.2 4.864-4.672zM7.872 17.536l3.2 3.2-4.864 4.672 3.904 3.2h-10.112v-10.112l3.2 3.904z\"><\/path>\n<\/svg><\/a><\/div><div class=\"av-horizontal-gallery-wrap noHover\"><img decoding=\"async\" fetchpriority=\"high\" class='wp-image-663 avia-img-lazy-loading-not-663 av-horizontal-gallery-img' width=\"1024\" height=\"769\" src=\"https:\/\/xn--hochstdter-haus-5kb.de\/wp-content\/uploads\/2019\/03\/Luftbild-Hochst\u00e4dten-ganz-1024x769.jpg\" title='Luftbild Hochst\u00e4dten ganz' alt='' srcset=\"https:\/\/xn--hochstdter-haus-5kb.de\/wp-content\/uploads\/2019\/03\/Luftbild-Hochst\u00e4dten-ganz-1024x769.jpg 1024w, https:\/\/xn--hochstdter-haus-5kb.de\/wp-content\/uploads\/2019\/03\/Luftbild-Hochst\u00e4dten-ganz-300x225.jpg 300w, https:\/\/xn--hochstdter-haus-5kb.de\/wp-content\/uploads\/2019\/03\/Luftbild-Hochst\u00e4dten-ganz-768x577.jpg 768w, https:\/\/xn--hochstdter-haus-5kb.de\/wp-content\/uploads\/2019\/03\/Luftbild-Hochst\u00e4dten-ganz-648x486.jpg 648w, https:\/\/xn--hochstdter-haus-5kb.de\/wp-content\/uploads\/2019\/03\/Luftbild-Hochst\u00e4dten-ganz-256x192.jpg 256w, https:\/\/xn--hochstdter-haus-5kb.de\/wp-content\/uploads\/2019\/03\/Luftbild-Hochst\u00e4dten-ganz.jpg 1705w\" sizes=\"(max-width: 1024px) 100vw, 1024px\" \/><a href=\"https:\/\/xn--hochstdter-haus-5kb.de\/wp-content\/uploads\/2019\/03\/Luftbild-Hochst\u00e4dten-ganz-1024x769.jpg\" data-srcset=\"https:\/\/xn--hochstdter-haus-5kb.de\/wp-content\/uploads\/2019\/03\/Luftbild-Hochst\u00e4dten-ganz-1024x769.jpg 1024w, https:\/\/xn--hochstdter-haus-5kb.de\/wp-content\/uploads\/2019\/03\/Luftbild-Hochst\u00e4dten-ganz-300x225.jpg 300w, https:\/\/xn--hochstdter-haus-5kb.de\/wp-content\/uploads\/2019\/03\/Luftbild-Hochst\u00e4dten-ganz-768x577.jpg 768w, https:\/\/xn--hochstdter-haus-5kb.de\/wp-content\/uploads\/2019\/03\/Luftbild-Hochst\u00e4dten-ganz-648x486.jpg 648w, https:\/\/xn--hochstdter-haus-5kb.de\/wp-content\/uploads\/2019\/03\/Luftbild-Hochst\u00e4dten-ganz-256x192.jpg 256w, https:\/\/xn--hochstdter-haus-5kb.de\/wp-content\/uploads\/2019\/03\/Luftbild-Hochst\u00e4dten-ganz.jpg 1705w\" data-sizes=\"(max-width: 1024px) 100vw, 1024px\" class='av-horizontal-gallery-link avia-svg-icon avia-font-svg_entypo-fontello' data-av_svg_icon='resize-full' data-av_iconset='svg_entypo-fontello' title='Luftbild Hochst\u00e4dten ganz' alt='' aria-label='Open image in lightbox: Luftbild Hochst\u00e4dten ganz'><svg version=\"1.1\" xmlns=\"http:\/\/www.w3.org\/2000\/svg\" width=\"25\" height=\"32\" viewBox=\"0 0 25 32\" preserveAspectRatio=\"xMidYMid meet\" aria-labelledby='av-svg-title-5' aria-describedby='av-svg-desc-5' role=\"graphics-symbol\" aria-hidden=\"true\">\n<title id='av-svg-title-5'>Open image in lightbox: Luftbild Hochst\u00e4dten ganz<\/title>\n<desc id='av-svg-desc-5'>Open image in lightbox: Luftbild Hochst\u00e4dten ganz<\/desc>\n<path d=\"M15.232 3.328h10.112v10.112l-3.2-3.968-4.672 4.864-3.2-3.2 4.864-4.672zM7.872 17.536l3.2 3.2-4.864 4.672 3.904 3.2h-10.112v-10.112l3.2 3.904z\"><\/path>\n<\/svg><\/a><\/div><\/div><\/div><\/div>\n","protected":false},"excerpt":{"rendered":"","protected":false},"author":1,"featured_media":3084,"parent":3676,"menu_order":3,"comment_status":"closed","ping_status":"closed","template":"","meta":{"footnotes":""},"class_list":["post-423","page","type-page","status-publish","has-post-thumbnail","hentry"],"_links":{"self":[{"href":"https:\/\/hochst\u00e4dter-haus.de\/index.php?rest_route=\/wp\/v2\/pages\/423","targetHints":{"allow":["GET"]}}],"collection":[{"href":"https:\/\/hochst\u00e4dter-haus.de\/index.php?rest_route=\/wp\/v2\/pages"}],"about":[{"href":"https:\/\/hochst\u00e4dter-haus.de\/index.php?rest_route=\/wp\/v2\/types\/page"}],"author":[{"embeddable":true,"href":"https:\/\/hochst\u00e4dter-haus.de\/index.php?rest_route=\/wp\/v2\/users\/1"}],"replies":[{"embeddable":true,"href":"https:\/\/hochst\u00e4dter-haus.de\/index.php?rest_route=%2Fwp%2Fv2%2Fcomments&post=423"}],"version-history":[{"count":5,"href":"https:\/\/hochst\u00e4dter-haus.de\/index.php?rest_route=\/wp\/v2\/pages\/423\/revisions"}],"predecessor-version":[{"id":3891,"href":"https:\/\/hochst\u00e4dter-haus.de\/index.php?rest_route=\/wp\/v2\/pages\/423\/revisions\/3891"}],"up":[{"embeddable":true,"href":"https:\/\/hochst\u00e4dter-haus.de\/index.php?rest_route=\/wp\/v2\/pages\/3676"}],"wp:featuredmedia":[{"embeddable":true,"href":"https:\/\/hochst\u00e4dter-haus.de\/index.php?rest_route=\/wp\/v2\/media\/3084"}],"wp:attachment":[{"href":"https:\/\/hochst\u00e4dter-haus.de\/index.php?rest_route=%2Fwp%2Fv2%2Fmedia&parent=423"}],"curies":[{"name":"wp","href":"https:\/\/api.w.org\/{rel}","templated":true}]}}