{"id":4417,"date":"2024-04-13T12:17:24","date_gmt":"2024-04-13T10:17:24","guid":{"rendered":"https:\/\/hochst\u00e4dter-haus.de\/?page_id=4417"},"modified":"2024-04-24T17:10:18","modified_gmt":"2024-04-24T15:10:18","slug":"die-fahrradstrecken-der-tour-de-montana-2-0-2","status":"publish","type":"page","link":"https:\/\/hochst\u00e4dter-haus.de\/?page_id=4417","title":{"rendered":"Die Wanderstrecken der Tour de Montana 2.0"},"content":{"rendered":"<h2>Die Wanderstrecken der Tour de Montana 2.0<\/h2>\n<p>Die Umgebung des Hochst\u00e4dter Hauses bietet viele sehr attraktive M\u00f6glichkeiten zum Wandern. Wir haben in diesem Jahr neun Strecken f\u00fcr Sie herausgesucht.\u00a0 Wenn Sie einfach einen angenehmen Spaziergang zum Hochst\u00e4dter Haus machen wollen, w\u00e4hlen Sie einen der Startpunkte in Bensheim, Auerbach oder Zwingenberg. Wenn Sie es anspruchsvoller m\u00f6gen, empfehlen wir die Rundwanderung zum Felsenmeer oder die Strecke \u00fcber den Hemsberg. Eine \u00dcbersicht der Strecken finden Sie unten auf dieser Seite, die Strecken sind nach dem Schwierigkeitsgrad geordnet.<\/p>\n<p><strong>Hinweis: <span style=\"color: #ff0000;\">Die Wanderstrecken k\u00f6nnen leider NICHT ausgeschildert werden.<\/span> <\/strong>Wir empfehlen die Navigation mit dem Smartphone und der Komoot-App. Die Routen stellen lediglich Streckenvorschl\u00e4ge dar, die von den Teilnehmer auch gerne variiert werden k\u00f6nnen. Insofern wandern alle Teilnehmer eigenverantwortlich (auch in Bezug auf die Routenfindung)! Der Verhaltenskodex f\u00fcr Teilnehmer der Veranstaltung \u201eTour de Montana 2.0\u201c gilt analog auch f\u00fcr die Wanderstrecken.<\/p>\n<p><img loading=\"lazy\" decoding=\"async\" class=\"alignnone wp-image-4403 size-full\" src=\"https:\/\/xn--hochstdter-haus-5kb.de\/wp-content\/uploads\/2024\/04\/Wanderstrecken_240411_w800.png\" alt=\"\" width=\"800\" height=\"633\" srcset=\"https:\/\/xn--hochstdter-haus-5kb.de\/wp-content\/uploads\/2024\/04\/Wanderstrecken_240411_w800.png 800w, https:\/\/xn--hochstdter-haus-5kb.de\/wp-content\/uploads\/2024\/04\/Wanderstrecken_240411_w800-300x237.png 300w, https:\/\/xn--hochstdter-haus-5kb.de\/wp-content\/uploads\/2024\/04\/Wanderstrecken_240411_w800-768x608.png 768w, https:\/\/xn--hochstdter-haus-5kb.de\/wp-content\/uploads\/2024\/04\/Wanderstrecken_240411_w800-705x558.png 705w\" sizes=\"auto, (max-width: 800px) 100vw, 800px\" \/><\/p>\n<p><strong>Die &#8216;scenic tours&#8217;.<\/strong> Die ersten drei Strecken (<span style=\"color: #800080;\">Auerbacher F\u00fcrstenroute<\/span>, Fraa vun Bensem, <span style=\"color: #993300;\">Zwingenberger Wein &amp; Wald<\/span>) dauern weniger als 1:30 und sind als genussvolle Wanderung mit sch\u00f6nem Ausblick angelegt.<\/p>\n<p><strong>Die Bensheim-Routen.<\/strong> Die n\u00e4chsten vier Strecken (<span style=\"color: #993300;\">Dentsply &#8211; Route<\/span>, <span style=\"color: #993300;\">Reckeweg -Route<\/span>, <span style=\"color: #0000ff;\">TE connected<\/span> und <span style=\"color: #003300;\">Pfitzenmeier Fitnessweg<\/span>) starten alle &#8216;jenseits von Bensheim&#8217; im Gewerbegebiet. Diese Strecken f\u00fchren auf unterschiedlichen Wegen zum Kirchbergh\u00e4uschen mit dem spektakul\u00e4ren Ausblick \u00fcber die Rheinebene. Dabei f\u00fchren die ersten beiden Varianten am Flugplatz vorbei und bieten eine unverstellte Aussicht auf die Weinberge. Die beiden letzteren f\u00fchren durch das sch\u00f6ne St\u00e4dtchen Bensheim.<\/p>\n<p><strong>Die anspruchsvollen Touren.<\/strong> Wer die M\u00f6glichkeiten der Umgebung wirklich auskosten und eine l\u00e4ngere und durchaus anspruchsvolle Wanderung sucht, sollte sich die letzten beiden Strecken in der Tabelle anschauen <span style=\"color: #800080;\">(\u00dcber den Hemsberg<\/span>, <span style=\"color: #003300;\">Rundkurs Felsenmeer<\/span>). Diese Strecken sind 11 bzw. 13 km lang und man sollte keine Probleme mit Steigungen haben.<\/p>\n<p>Eine detaillierte Beschreibung der Strecken mit einigen Fotos finden Sie in den pdf-Dateien, die Sie sich \u00fcber den Link <strong><a href=\"https:\/\/xn--hochstdter-haus-5kb.de\/wp-content\/uploads\/2024\/04\/Streckenbeschreibungen_Wanderstrecken.zip\">Streckenbeschreibungen_Wanderstrecken<\/a><\/strong> herunterladen k\u00f6nnen. Au\u00dferdem k\u00f6nnen Sie alle Strecken auch als gpx-Datei \u00fcber den Link <strong><a href=\"https:\/\/xn--hochstdter-haus-5kb.de\/wp-content\/uploads\/2024\/04\/Wanderstrecken_Montana_2.0.zip\">Wanderstrecken_Montana_2.0<\/a><\/strong> herunterladen und direkt in viele g\u00e4ngige Navigationsprogramme f\u00fcr das Smartphone oder in GPS-Ger\u00e4te laden. Sehr empfehlenswert ist die Navigation \u00fcber die Komoot-App.<\/p>\n\n<table id=\"tablepress-7\" class=\"tablepress tablepress-id-7\">\n<thead>\n<tr class=\"row-1\">\n\t<th class=\"column-1\">Streckenname<\/th><th class=\"column-2\">Komoot<\/th><th class=\"column-3\">Streckenl\u00e4nge (km)<\/th><th class=\"column-4\">H\u00f6henmeter<\/th><th class=\"column-5\">Dauer ca.<\/th><th class=\"column-6\">Startpunkt<\/th>\n<\/tr>\n<\/thead>\n<tbody class=\"row-striping row-hover\">\n<tr class=\"row-2\">\n\t<td class=\"column-1\">Auerbacher F\u00fcrstenroute<\/td><td class=\"column-2\"><u><strong><a href=\"https:\/\/www.komoot.com\/de-DE\/tour\/1526001253?ref=itd&amp;share_token=aPRNsi2CcMFBAlcxdV5Reb51yk8kEPHoBDBUBMfg5PFAFClyMv&amp;ref=its\">F\u00fcrstenroute<\/a><\/strong><\/u><\/td><td class=\"column-3\">4,0<\/td><td class=\"column-4\">130<\/td><td class=\"column-5\">01:00<\/td><td class=\"column-6\">Auerbach Kronepark<\/td>\n<\/tr>\n<tr class=\"row-3\">\n\t<td class=\"column-1\">Fraa vun Bensem<\/td><td class=\"column-2\"><u><strong><a href=\"https:\/\/www.komoot.com\/de-DE\/tour\/1525980335?ref=itd&amp;share_token=aVL9zq7T1Touzo3lwi9qPv7sEweJW9arfmLEx3qklAud3YCJe3&amp;ref=its\">Fra vun Bensem<\/a><\/strong><\/u><\/td><td class=\"column-3\">4,6<\/td><td class=\"column-4\">140<\/td><td class=\"column-5\">01:20<\/td><td class=\"column-6\">Bensheim Marktplatz<\/td>\n<\/tr>\n<tr class=\"row-4\">\n\t<td class=\"column-1\">Zwingenberger Wein &amp; Wald<\/td><td class=\"column-2\"><u><strong><a href=\"https:\/\/www.komoot.com\/de-DE\/tour\/1526001872?ref=itd&amp;share_token=aEaST7E8B11Ok71drNiAjzXP1CNOFYf3PO3q94xHkOUzGJCyqp&amp;ref=its\">Zwingenberg Wein&amp;Wald<\/a><\/strong><\/u><\/td><td class=\"column-3\">5,0<\/td><td class=\"column-4\">210<\/td><td class=\"column-5\">01:30<\/td><td class=\"column-6\">Zwingenberg Marktplatz<\/td>\n<\/tr>\n<tr class=\"row-5\">\n\t<td class=\"column-1\">Dentsply - Route<\/td><td class=\"column-2\"><u><strong><a href=\"https:\/\/www.komoot.com\/de-DE\/tour\/1525995192?ref=itd&amp;share_token=amFEu6hP5OMpaov0pXF8NyutXqGD1dbXdy4SHSKL48nE8SBYIp&amp;ref=its\">Dentsply-Route<\/a><\/strong><\/u><\/td><td class=\"column-3\">6,0<\/td><td class=\"column-4\">150<\/td><td class=\"column-5\">01:40<\/td><td class=\"column-6\">GE S\u00fcd Dentsply Sirona<\/td>\n<\/tr>\n<tr class=\"row-6\">\n\t<td class=\"column-1\">Reckeweg -Route<\/td><td class=\"column-2\"><u><strong><a href=\"https:\/\/www.komoot.com\/de-DE\/tour\/1525997900?ref=itd&amp;share_token=aYQmJzwwF8Hq1BXIr5UJ9nIN5HdX5Gk8ZS0HcO51jPrhni85Mk&amp;ref=its\">Reckeweg-Route<\/a><\/strong><\/u><\/td><td class=\"column-3\">7,7<\/td><td class=\"column-4\">150<\/td><td class=\"column-5\">02:00<\/td><td class=\"column-6\">GE S\u00fcd Reckeweg<\/td>\n<\/tr>\n<tr class=\"row-7\">\n\t<td class=\"column-1\">TE connected<\/td><td class=\"column-2\"><u><strong><a href=\"https:\/\/www.komoot.com\/de-DE\/tour\/1525996356?ref=itd&amp;share_token=aYSJf03LV944l7m6kHKxI3Hshi55qGcHqk1fm6z2Hl624o1hoj&amp;ref=its\">TE-Connected<\/a><\/strong><\/u><\/td><td class=\"column-3\">9,5<\/td><td class=\"column-4\">160<\/td><td class=\"column-5\">02:30<\/td><td class=\"column-6\">GE Stubenwald TE connectivity<\/td>\n<\/tr>\n<tr class=\"row-8\">\n\t<td class=\"column-1\">Pfitzenmeier Fitnessweg<\/td><td class=\"column-2\"><u><strong><a href=\"https:\/\/www.komoot.com\/de-DE\/tour\/1525999314?ref=itd&amp;share_token=aUm22RKfV17MJg8N3KuMAWhPAd53qkRf9PXmCGV85OAXOQJrXy&amp;ref=its\">Pfitzenmeier Fitness<\/a><\/strong><\/u><\/td><td class=\"column-3\">10,0<\/td><td class=\"column-4\">160<\/td><td class=\"column-5\">02:40<\/td><td class=\"column-6\">GE Stubenwald Baldur<\/td>\n<\/tr>\n<tr class=\"row-9\">\n\t<td class=\"column-1\">\u00dcber den Hemsberg<\/td><td class=\"column-2\"><u><a href=\"https:\/\/www.komoot.com\/de-DE\/tour\/1525997509?ref=itd&amp;share_token=ahtB6LFv2uNHZpXruzmbFUARL51ZCGotDUEALekSVXHX0VIUUy&amp;ref=its\">Bergziegenroute Hemsberg<\/a><\/u><\/td><td class=\"column-3\">11,3<\/td><td class=\"column-4\">340<\/td><td class=\"column-5\">03:30<\/td><td class=\"column-6\">GE S\u00fcd Sirona<\/td>\n<\/tr>\n<tr class=\"row-10\">\n\t<td class=\"column-1\">Rundkurs Felsenmeer<\/td><td class=\"column-2\"><u><strong><a href=\"https:\/\/www.komoot.com\/de-DE\/tour\/1525996969?ref=itd&amp;share_token=a43ohvYajP3zkEnaD4b4sF6xwoJDI49VLCd9VNluFdW5QG6MJh&amp;ref=its\">Rundkurs Felsenmeer<\/a><\/strong><\/u><\/td><td class=\"column-3\">13,3<\/td><td class=\"column-4\">450<\/td><td class=\"column-5\">04:00<\/td><td class=\"column-6\">Hochst\u00e4dten<\/td>\n<\/tr>\n<\/tbody>\n<\/table>\n<!-- #tablepress-7 from cache -->\n","protected":false},"excerpt":{"rendered":"<p>Die Wanderstrecken der Tour de Montana 2.0 Die Umgebung des Hochst\u00e4dter Hauses bietet viele sehr attraktive M\u00f6glichkeiten zum Wandern. Wir haben in diesem Jahr neun Strecken f\u00fcr Sie herausgesucht.\u00a0 Wenn Sie einfach einen angenehmen Spaziergang zum Hochst\u00e4dter Haus machen wollen, w\u00e4hlen Sie einen der Startpunkte in Bensheim, Auerbach oder Zwingenberg. Wenn Sie es anspruchsvoller m\u00f6gen, [&hellip;]<\/p>\n","protected":false},"author":1,"featured_media":0,"parent":0,"menu_order":0,"comment_status":"closed","ping_status":"closed","template":"template-blank.php","meta":{"footnotes":""},"class_list":["post-4417","page","type-page","status-publish","hentry"],"_links":{"self":[{"href":"https:\/\/hochst\u00e4dter-haus.de\/index.php?rest_route=\/wp\/v2\/pages\/4417","targetHints":{"allow":["GET"]}}],"collection":[{"href":"https:\/\/hochst\u00e4dter-haus.de\/index.php?rest_route=\/wp\/v2\/pages"}],"about":[{"href":"https:\/\/hochst\u00e4dter-haus.de\/index.php?rest_route=\/wp\/v2\/types\/page"}],"author":[{"embeddable":true,"href":"https:\/\/hochst\u00e4dter-haus.de\/index.php?rest_route=\/wp\/v2\/users\/1"}],"replies":[{"embeddable":true,"href":"https:\/\/hochst\u00e4dter-haus.de\/index.php?rest_route=%2Fwp%2Fv2%2Fcomments&post=4417"}],"version-history":[{"count":5,"href":"https:\/\/hochst\u00e4dter-haus.de\/index.php?rest_route=\/wp\/v2\/pages\/4417\/revisions"}],"predecessor-version":[{"id":4519,"href":"https:\/\/hochst\u00e4dter-haus.de\/index.php?rest_route=\/wp\/v2\/pages\/4417\/revisions\/4519"}],"wp:attachment":[{"href":"https:\/\/hochst\u00e4dter-haus.de\/index.php?rest_route=%2Fwp%2Fv2%2Fmedia&parent=4417"}],"curies":[{"name":"wp","href":"https:\/\/api.w.org\/{rel}","templated":true}]}}