{"id":4508,"date":"2024-06-23T16:54:57","date_gmt":"2024-06-23T14:54:57","guid":{"rendered":"https:\/\/hochst\u00e4dter-haus.de\/?page_id=4508"},"modified":"2024-06-23T16:55:04","modified_gmt":"2024-06-23T14:55:04","slug":"tour-de-montana-2-0","status":"publish","type":"page","link":"https:\/\/hochst\u00e4dter-haus.de\/?page_id=4508","title":{"rendered":"Tour de Montana 2.0"},"content":{"rendered":"<p><strong>Das war die Tour de Montana 2.0<\/strong><\/p>\n<p><strong>Am 15. Juni 2024 versammelten sich mehr als 800 Teilnehmer bei der Tour de Montana 2.0, um sich als Radfahrer, Mountainbiker oder Wanderer gemeinsam f\u00fcr krebskranke Kinder zu engagieren.<\/strong><\/p>\n<p>Bei strahlendem Sonnenschein, der p\u00fcnktlich um 8:00 Uhr den Regen vertrieb, startete das Event mit gro\u00dfem Enthusiasmus. Um 9:00 Uhr fiel der Startschuss f\u00fcr das Peloton der <strong>Rennradstrecke<\/strong>: 160 Teilnehmer nahmen die 102 Kilometer lange Route mit 980 H\u00f6henmetern in Angriff. Begleitet von der Polizei, die mit zwei Fahrzeugen und vier Motorr\u00e4dern pr\u00e4sent war, f\u00fchrte die Strecke durch den vorderen Odenwald und machte Zwischenstopps in Gro\u00df-Bieberau, F\u00fcrth und Lorsch.<\/p>\n<p>F\u00fcr ambitionierte Mountainbiker bot die <strong>l\u00e4ngere Mountainbike Strecke<\/strong> eine Herausforderung mit 36 Kilometern und etwa 1.050 H\u00f6henmetern, die in rund dreieinhalb Stunden zu bew\u00e4ltigen war. Mit mehreren Anstiegen und dem 617 Meter hohen Kaiserturm auf der Neunkircher H\u00f6he als h\u00f6chsten Punkt, war diese Route anspruchsvoll und reizvoll zugleich.<\/p>\n<p>Die <strong>k\u00fcrzere Mountainbike-Strecke<\/strong>, ideal f\u00fcr Gelegenheitsfahrer, erstreckte sich \u00fcber 24 Kilometer und 650 H\u00f6henmeter und konnte in knapp zwei Stunden gemeistert werden. Vom Hochst\u00e4dter Haus aus ging es zur\u00fcck zum Startpunkt, wobei auch hier der sportliche Einsatz gro\u00df geschrieben wurde.<\/p>\n<p>Erstmals waren auch <strong>Wanderer<\/strong> herzlich eingeladen, an der Tour de Montana 2.0 teilzunehmen. Neun verschiedene Strecken mit Distanzen zwischen 4 und 13 Kilometern wurden im Vorfeld ausgearbeitet, sodass 140 Menschen ebenfalls f\u00fcr den guten Zweck liefen.<\/p>\n<p>An diesem denkw\u00fcrdigen Tag wurde Sebastian Rode zum offiziellen Botschafter des Teams Bensheim Tour de Hoffnung ernannt. Unter den weiteren prominenten Teilnehmern befanden sich zudem Jan Dieteren (ehemaliger Rennradprofi), Sascha Starker (Vizeweltmeister im MTB-Cross), Sven Bornert (mehrfacher Weltmeister im Schanzenlauf), Ex-Handball Nationalspielerin Kim Naidzinavicius, Landrat Christian Engelhardt. Die hessische Ministerin f\u00fcr Familie, Senioren, Sport, Gesundheit und Pflege Diana Stolz, die Schirmherrin Fraa vun Bensem alias Doris Walter sowie die B\u00fcrgermeisterin Bensheims Christine Klein begr\u00fc\u00dften die Teilnehmer im Ziel.<\/p>\n<p><strong>Dank der Unterst\u00fctzung von rund 100 ehrenamtlichen Helfern verlief das Event reibungslos.<\/strong> Der Tag klang im gem\u00fctlichen Biergarten am Hochst\u00e4dter Haus aus, wo die Teilnehmer ihre sportlichen Erlebnisse Revue passieren lie\u00dfen.<\/p>\n<p><strong>Das beeindruckende Ergebnis der Tour: eine Spendensumme von sagenhaften 155.500 Euro.<\/strong> Diese Gelder kommen verschiedenen Organisationen in der Region zugute, darunter die Aktion zugunsten krebskranker Kinder e.V. Gro\u00df-Bieberau, das Kinder PalliativTeam Frankfurt gGmbH und die Kinderonkologie am Universit\u00e4tsklinikum Heidelberg.<\/p>\n<p><strong>Die Tour de Montana 2.0 war nicht nur ein sportliches Highlight, sondern vor allem ein Zeichen der Solidarit\u00e4t und des Engagements f\u00fcr eine gute Sache. Ein herzlicher Dank gilt allen Teilnehmern, Helfern und Sponsoren, die diesen Tag unvergesslich gemacht haben.<\/strong><\/p>\n","protected":false},"excerpt":{"rendered":"<p>Das war die Tour de Montana 2.0 Am 15. Juni 2024 versammelten sich mehr als 800 Teilnehmer bei der Tour de Montana 2.0, um sich als Radfahrer, Mountainbiker oder Wanderer gemeinsam f\u00fcr krebskranke Kinder zu engagieren. Bei strahlendem Sonnenschein, der p\u00fcnktlich um 8:00 Uhr den Regen vertrieb, startete das Event mit gro\u00dfem Enthusiasmus. Um 9:00 [&hellip;]<\/p>\n","protected":false},"author":1,"featured_media":0,"parent":3426,"menu_order":1,"comment_status":"closed","ping_status":"closed","template":"","meta":{"footnotes":""},"class_list":["post-4508","page","type-page","status-publish","hentry"],"_links":{"self":[{"href":"https:\/\/hochst\u00e4dter-haus.de\/index.php?rest_route=\/wp\/v2\/pages\/4508","targetHints":{"allow":["GET"]}}],"collection":[{"href":"https:\/\/hochst\u00e4dter-haus.de\/index.php?rest_route=\/wp\/v2\/pages"}],"about":[{"href":"https:\/\/hochst\u00e4dter-haus.de\/index.php?rest_route=\/wp\/v2\/types\/page"}],"author":[{"embeddable":true,"href":"https:\/\/hochst\u00e4dter-haus.de\/index.php?rest_route=\/wp\/v2\/users\/1"}],"replies":[{"embeddable":true,"href":"https:\/\/hochst\u00e4dter-haus.de\/index.php?rest_route=%2Fwp%2Fv2%2Fcomments&post=4508"}],"version-history":[{"count":5,"href":"https:\/\/hochst\u00e4dter-haus.de\/index.php?rest_route=\/wp\/v2\/pages\/4508\/revisions"}],"predecessor-version":[{"id":4513,"href":"https:\/\/hochst\u00e4dter-haus.de\/index.php?rest_route=\/wp\/v2\/pages\/4508\/revisions\/4513"}],"up":[{"embeddable":true,"href":"https:\/\/hochst\u00e4dter-haus.de\/index.php?rest_route=\/wp\/v2\/pages\/3426"}],"wp:attachment":[{"href":"https:\/\/hochst\u00e4dter-haus.de\/index.php?rest_route=%2Fwp%2Fv2%2Fmedia&parent=4508"}],"curies":[{"name":"wp","href":"https:\/\/api.w.org\/{rel}","templated":true}]}}