{"id":661,"date":"2019-03-17T21:08:21","date_gmt":"2019-03-17T20:08:21","guid":{"rendered":"http:\/\/hochst\u00e4dter-haus.de\/?page_id=661"},"modified":"2023-01-14T17:24:27","modified_gmt":"2023-01-14T16:24:27","slug":"die-eroeffnung-das-fest","status":"publish","type":"page","link":"https:\/\/hochst\u00e4dter-haus.de\/?page_id=661","title":{"rendered":"Er\u00f6ffnungswochenende"},"content":{"rendered":"<p style=\"text-align: center;\"><strong>Am Wochenende des 17. bis 19. Mai 2019 haben wir die offizielle Er\u00f6ffnung des Hochst\u00e4dter Hauses gefeiert.<br \/>\n<\/strong><\/p>\n<p style=\"text-align: center;\">Wir sind \u00fcberw\u00e4ltigt von der positiven Resonanz am Er\u00f6ffnungswochenende.\u00a0 \u00dcber den Zuspruch, das viele positive Feedback und die vielen guten W\u00fcnsche freuen wir uns sehr.<\/p>\n<p style=\"text-align: center;\">Herzlichen Dank an alle G\u00e4ste, Helfer und Akteure f\u00fcr ein unvergessliches Wochenende!<\/p>\n<p><img loading=\"lazy\" decoding=\"async\" class=\"size-medium wp-image-768 aligncenter\" src=\"http:\/\/xn--hochstdter-haus-5kb.de\/wp-content\/uploads\/2019\/05\/eroeffnung-logos-213x300.jpg\" alt=\"\" width=\"213\" height=\"300\" srcset=\"https:\/\/xn--hochstdter-haus-5kb.de\/wp-content\/uploads\/2019\/05\/eroeffnung-logos-213x300.jpg 213w, https:\/\/xn--hochstdter-haus-5kb.de\/wp-content\/uploads\/2019\/05\/eroeffnung-logos-136x192.jpg 136w, https:\/\/xn--hochstdter-haus-5kb.de\/wp-content\/uploads\/2019\/05\/eroeffnung-logos.jpg 454w\" sizes=\"auto, (max-width: 213px) 100vw, 213px\" \/><\/p>\n<p>&nbsp;<\/p>\n<p style=\"text-align: center;\">Impressionen von der Er\u00f6ffnungsfeier, dem Dorfladen-Probiertag, dem Auftritt von Legends of Life sowie dem Familienfest oder auf <a href=\"https:\/\/bensheim-auerbach.com\/veranstaltungen\/hochstaedter-oskar-an-verdiente-unterstuetzer\">https:\/\/bensheim-auerbach.com\/<\/a> und <a href=\"https:\/\/bensheim-auerbach.com\/veranstaltungen\/spektakulaere-perspektive-hochstaedten-von-oben\">https:\/\/bensheim-auerbach.com\/veranstaltungen\/spektakulaere-perspektive-hochstaedten-von-oben<\/a><\/p>\n<p>&nbsp;<\/p>\n\n\t\t<style type=\"text\/css\">\n\t\t\t#gallery-1 {\n\t\t\t\tmargin: auto;\n\t\t\t}\n\t\t\t#gallery-1 .gallery-item {\n\t\t\t\tfloat: left;\n\t\t\t\tmargin-top: 10px;\n\t\t\t\ttext-align: center;\n\t\t\t\twidth: 33%;\n\t\t\t}\n\t\t\t#gallery-1 img {\n\t\t\t\tborder: 2px solid #cfcfcf;\n\t\t\t}\n\t\t\t#gallery-1 .gallery-caption {\n\t\t\t\tmargin-left: 0;\n\t\t\t}\n\t\t\t\/* see gallery_shortcode() in wp-includes\/media.php *\/\n\t\t<\/style>\n\t\t<div id='gallery-1' class='gallery galleryid-661 gallery-columns-3 gallery-size-thumbnail'><dl class='gallery-item'>\n\t\t\t<dt class='gallery-icon landscape'>\n\t\t\t\t<a href='https:\/\/hochst\u00e4dter-haus.de\/?attachment_id=770'><img loading=\"lazy\" decoding=\"async\" width=\"80\" height=\"80\" src=\"https:\/\/xn--hochstdter-haus-5kb.de\/wp-content\/uploads\/2019\/05\/IMG_0189-150x150.jpg\" class=\"attachment-thumbnail size-thumbnail\" alt=\"\" srcset=\"https:\/\/xn--hochstdter-haus-5kb.de\/wp-content\/uploads\/2019\/05\/IMG_0189-150x150.jpg 150w, https:\/\/xn--hochstdter-haus-5kb.de\/wp-content\/uploads\/2019\/05\/IMG_0189-330x330.jpg 330w, https:\/\/xn--hochstdter-haus-5kb.de\/wp-content\/uploads\/2019\/05\/IMG_0189-96x96.jpg 96w\" sizes=\"auto, (max-width: 80px) 100vw, 80px\" \/><\/a>\n\t\t\t<\/dt><\/dl><dl class='gallery-item'>\n\t\t\t<dt class='gallery-icon landscape'>\n\t\t\t\t<a href='https:\/\/hochst\u00e4dter-haus.de\/?attachment_id=816'><img loading=\"lazy\" decoding=\"async\" width=\"80\" height=\"80\" src=\"https:\/\/xn--hochstdter-haus-5kb.de\/wp-content\/uploads\/2019\/05\/2019_05_17_HH_Eroeffnung-32-150x150.jpg\" class=\"attachment-thumbnail size-thumbnail\" alt=\"\" srcset=\"https:\/\/xn--hochstdter-haus-5kb.de\/wp-content\/uploads\/2019\/05\/2019_05_17_HH_Eroeffnung-32-150x150.jpg 150w, https:\/\/xn--hochstdter-haus-5kb.de\/wp-content\/uploads\/2019\/05\/2019_05_17_HH_Eroeffnung-32-330x330.jpg 330w, https:\/\/xn--hochstdter-haus-5kb.de\/wp-content\/uploads\/2019\/05\/2019_05_17_HH_Eroeffnung-32-96x96.jpg 96w, https:\/\/xn--hochstdter-haus-5kb.de\/wp-content\/uploads\/2019\/05\/2019_05_17_HH_Eroeffnung-32-1230x1230.jpg 1230w\" sizes=\"auto, (max-width: 80px) 100vw, 80px\" \/><\/a>\n\t\t\t<\/dt><\/dl><dl class='gallery-item'>\n\t\t\t<dt class='gallery-icon landscape'>\n\t\t\t\t<a href='https:\/\/hochst\u00e4dter-haus.de\/?attachment_id=817'><img loading=\"lazy\" decoding=\"async\" width=\"80\" height=\"80\" src=\"https:\/\/xn--hochstdter-haus-5kb.de\/wp-content\/uploads\/2019\/05\/2019_05_17_HH_Eroeffnung-51-1-150x150.jpg\" class=\"attachment-thumbnail size-thumbnail\" alt=\"\" srcset=\"https:\/\/xn--hochstdter-haus-5kb.de\/wp-content\/uploads\/2019\/05\/2019_05_17_HH_Eroeffnung-51-1-150x150.jpg 150w, https:\/\/xn--hochstdter-haus-5kb.de\/wp-content\/uploads\/2019\/05\/2019_05_17_HH_Eroeffnung-51-1-330x330.jpg 330w, https:\/\/xn--hochstdter-haus-5kb.de\/wp-content\/uploads\/2019\/05\/2019_05_17_HH_Eroeffnung-51-1-96x96.jpg 96w, https:\/\/xn--hochstdter-haus-5kb.de\/wp-content\/uploads\/2019\/05\/2019_05_17_HH_Eroeffnung-51-1-1230x1230.jpg 1230w\" sizes=\"auto, (max-width: 80px) 100vw, 80px\" \/><\/a>\n\t\t\t<\/dt><\/dl><br style=\"clear: both\" \/><dl class='gallery-item'>\n\t\t\t<dt class='gallery-icon landscape'>\n\t\t\t\t<a href='https:\/\/hochst\u00e4dter-haus.de\/?attachment_id=832'><img loading=\"lazy\" decoding=\"async\" width=\"80\" height=\"80\" src=\"https:\/\/xn--hochstdter-haus-5kb.de\/wp-content\/uploads\/2019\/05\/IMG_6599-150x150.jpg\" class=\"attachment-thumbnail size-thumbnail\" alt=\"\" srcset=\"https:\/\/xn--hochstdter-haus-5kb.de\/wp-content\/uploads\/2019\/05\/IMG_6599-150x150.jpg 150w, https:\/\/xn--hochstdter-haus-5kb.de\/wp-content\/uploads\/2019\/05\/IMG_6599-300x300.jpg 300w, https:\/\/xn--hochstdter-haus-5kb.de\/wp-content\/uploads\/2019\/05\/IMG_6599-768x768.jpg 768w, https:\/\/xn--hochstdter-haus-5kb.de\/wp-content\/uploads\/2019\/05\/IMG_6599-1024x1024.jpg 1024w, https:\/\/xn--hochstdter-haus-5kb.de\/wp-content\/uploads\/2019\/05\/IMG_6599-330x330.jpg 330w, https:\/\/xn--hochstdter-haus-5kb.de\/wp-content\/uploads\/2019\/05\/IMG_6599-96x96.jpg 96w, https:\/\/xn--hochstdter-haus-5kb.de\/wp-content\/uploads\/2019\/05\/IMG_6599-648x648.jpg 648w, https:\/\/xn--hochstdter-haus-5kb.de\/wp-content\/uploads\/2019\/05\/IMG_6599-1230x1230.jpg 1230w, https:\/\/xn--hochstdter-haus-5kb.de\/wp-content\/uploads\/2019\/05\/IMG_6599-192x192.jpg 192w, https:\/\/xn--hochstdter-haus-5kb.de\/wp-content\/uploads\/2019\/05\/IMG_6599.jpg 1552w\" sizes=\"auto, (max-width: 80px) 100vw, 80px\" \/><\/a>\n\t\t\t<\/dt><\/dl><dl class='gallery-item'>\n\t\t\t<dt class='gallery-icon landscape'>\n\t\t\t\t<a href='https:\/\/hochst\u00e4dter-haus.de\/?attachment_id=822'><img loading=\"lazy\" decoding=\"async\" width=\"80\" height=\"80\" src=\"https:\/\/xn--hochstdter-haus-5kb.de\/wp-content\/uploads\/2019\/05\/2019_05_18_Probiertag_HH-12-150x150.jpg\" class=\"attachment-thumbnail size-thumbnail\" alt=\"\" srcset=\"https:\/\/xn--hochstdter-haus-5kb.de\/wp-content\/uploads\/2019\/05\/2019_05_18_Probiertag_HH-12-150x150.jpg 150w, https:\/\/xn--hochstdter-haus-5kb.de\/wp-content\/uploads\/2019\/05\/2019_05_18_Probiertag_HH-12-330x330.jpg 330w, https:\/\/xn--hochstdter-haus-5kb.de\/wp-content\/uploads\/2019\/05\/2019_05_18_Probiertag_HH-12-96x96.jpg 96w, https:\/\/xn--hochstdter-haus-5kb.de\/wp-content\/uploads\/2019\/05\/2019_05_18_Probiertag_HH-12-1230x1230.jpg 1230w\" sizes=\"auto, (max-width: 80px) 100vw, 80px\" \/><\/a>\n\t\t\t<\/dt><\/dl><dl class='gallery-item'>\n\t\t\t<dt class='gallery-icon portrait'>\n\t\t\t\t<a href='https:\/\/hochst\u00e4dter-haus.de\/?attachment_id=821'><img loading=\"lazy\" decoding=\"async\" width=\"80\" height=\"80\" src=\"https:\/\/xn--hochstdter-haus-5kb.de\/wp-content\/uploads\/2019\/05\/2019_05_18_Probiertag_HH-3-150x150.jpg\" class=\"attachment-thumbnail size-thumbnail\" alt=\"\" aria-describedby=\"gallery-1-821\" srcset=\"https:\/\/xn--hochstdter-haus-5kb.de\/wp-content\/uploads\/2019\/05\/2019_05_18_Probiertag_HH-3-150x150.jpg 150w, https:\/\/xn--hochstdter-haus-5kb.de\/wp-content\/uploads\/2019\/05\/2019_05_18_Probiertag_HH-3-330x330.jpg 330w, https:\/\/xn--hochstdter-haus-5kb.de\/wp-content\/uploads\/2019\/05\/2019_05_18_Probiertag_HH-3-96x96.jpg 96w, https:\/\/xn--hochstdter-haus-5kb.de\/wp-content\/uploads\/2019\/05\/2019_05_18_Probiertag_HH-3-1230x1230.jpg 1230w\" sizes=\"auto, (max-width: 80px) 100vw, 80px\" \/><\/a>\n\t\t\t<\/dt>\n\t\t\t\t<dd class='wp-caption-text gallery-caption' id='gallery-1-821'>\n\t\t\t\tBl\u00fcm Brote &#8211; einfach gut\n\t\t\t\t<\/dd><\/dl><br style=\"clear: both\" \/><dl class='gallery-item'>\n\t\t\t<dt class='gallery-icon portrait'>\n\t\t\t\t<a href='https:\/\/hochst\u00e4dter-haus.de\/?attachment_id=820'><img loading=\"lazy\" decoding=\"async\" width=\"80\" height=\"80\" src=\"https:\/\/xn--hochstdter-haus-5kb.de\/wp-content\/uploads\/2019\/05\/2019_05_18_Probiertag_HH-2-150x150.jpg\" class=\"attachment-thumbnail size-thumbnail\" alt=\"\" srcset=\"https:\/\/xn--hochstdter-haus-5kb.de\/wp-content\/uploads\/2019\/05\/2019_05_18_Probiertag_HH-2-150x150.jpg 150w, https:\/\/xn--hochstdter-haus-5kb.de\/wp-content\/uploads\/2019\/05\/2019_05_18_Probiertag_HH-2-330x330.jpg 330w, https:\/\/xn--hochstdter-haus-5kb.de\/wp-content\/uploads\/2019\/05\/2019_05_18_Probiertag_HH-2-96x96.jpg 96w, https:\/\/xn--hochstdter-haus-5kb.de\/wp-content\/uploads\/2019\/05\/2019_05_18_Probiertag_HH-2-1230x1230.jpg 1230w\" sizes=\"auto, (max-width: 80px) 100vw, 80px\" \/><\/a>\n\t\t\t<\/dt><\/dl><dl class='gallery-item'>\n\t\t\t<dt class='gallery-icon portrait'>\n\t\t\t\t<a href='https:\/\/hochst\u00e4dter-haus.de\/?attachment_id=819'><img loading=\"lazy\" decoding=\"async\" width=\"80\" height=\"80\" src=\"https:\/\/xn--hochstdter-haus-5kb.de\/wp-content\/uploads\/2019\/05\/2019_05_18_Probiertag_HH-4-150x150.jpg\" class=\"attachment-thumbnail size-thumbnail\" alt=\"\" srcset=\"https:\/\/xn--hochstdter-haus-5kb.de\/wp-content\/uploads\/2019\/05\/2019_05_18_Probiertag_HH-4-150x150.jpg 150w, https:\/\/xn--hochstdter-haus-5kb.de\/wp-content\/uploads\/2019\/05\/2019_05_18_Probiertag_HH-4-330x330.jpg 330w, https:\/\/xn--hochstdter-haus-5kb.de\/wp-content\/uploads\/2019\/05\/2019_05_18_Probiertag_HH-4-96x96.jpg 96w, https:\/\/xn--hochstdter-haus-5kb.de\/wp-content\/uploads\/2019\/05\/2019_05_18_Probiertag_HH-4-1230x1230.jpg 1230w\" sizes=\"auto, (max-width: 80px) 100vw, 80px\" \/><\/a>\n\t\t\t<\/dt><\/dl><dl class='gallery-item'>\n\t\t\t<dt class='gallery-icon landscape'>\n\t\t\t\t<a href='https:\/\/hochst\u00e4dter-haus.de\/?attachment_id=833'><img loading=\"lazy\" decoding=\"async\" width=\"80\" height=\"80\" src=\"https:\/\/xn--hochstdter-haus-5kb.de\/wp-content\/uploads\/2019\/05\/IMG_6609-150x150.jpg\" class=\"attachment-thumbnail size-thumbnail\" alt=\"\" srcset=\"https:\/\/xn--hochstdter-haus-5kb.de\/wp-content\/uploads\/2019\/05\/IMG_6609-150x150.jpg 150w, https:\/\/xn--hochstdter-haus-5kb.de\/wp-content\/uploads\/2019\/05\/IMG_6609-330x330.jpg 330w, https:\/\/xn--hochstdter-haus-5kb.de\/wp-content\/uploads\/2019\/05\/IMG_6609-96x96.jpg 96w\" sizes=\"auto, (max-width: 80px) 100vw, 80px\" \/><\/a>\n\t\t\t<\/dt><\/dl><br style=\"clear: both\" \/><dl class='gallery-item'>\n\t\t\t<dt class='gallery-icon landscape'>\n\t\t\t\t<a href='https:\/\/hochst\u00e4dter-haus.de\/?attachment_id=831'><img loading=\"lazy\" decoding=\"async\" width=\"80\" height=\"80\" src=\"https:\/\/xn--hochstdter-haus-5kb.de\/wp-content\/uploads\/2019\/05\/IMG_3466-150x150.jpg\" class=\"attachment-thumbnail size-thumbnail\" alt=\"\" aria-describedby=\"gallery-1-831\" srcset=\"https:\/\/xn--hochstdter-haus-5kb.de\/wp-content\/uploads\/2019\/05\/IMG_3466-150x150.jpg 150w, https:\/\/xn--hochstdter-haus-5kb.de\/wp-content\/uploads\/2019\/05\/IMG_3466-330x330.jpg 330w, https:\/\/xn--hochstdter-haus-5kb.de\/wp-content\/uploads\/2019\/05\/IMG_3466-96x96.jpg 96w\" sizes=\"auto, (max-width: 80px) 100vw, 80px\" \/><\/a>\n\t\t\t<\/dt>\n\t\t\t\t<dd class='wp-caption-text gallery-caption' id='gallery-1-831'>\n\t\t\t\tVeranstaltungsraum\n\t\t\t\t<\/dd><\/dl><dl class='gallery-item'>\n\t\t\t<dt class='gallery-icon landscape'>\n\t\t\t\t<a href='https:\/\/hochst\u00e4dter-haus.de\/?attachment_id=830'><img loading=\"lazy\" decoding=\"async\" width=\"80\" height=\"80\" src=\"https:\/\/xn--hochstdter-haus-5kb.de\/wp-content\/uploads\/2019\/05\/IMG_3453-150x150.jpg\" class=\"attachment-thumbnail size-thumbnail\" alt=\"\" aria-describedby=\"gallery-1-830\" srcset=\"https:\/\/xn--hochstdter-haus-5kb.de\/wp-content\/uploads\/2019\/05\/IMG_3453-150x150.jpg 150w, https:\/\/xn--hochstdter-haus-5kb.de\/wp-content\/uploads\/2019\/05\/IMG_3453-330x330.jpg 330w, https:\/\/xn--hochstdter-haus-5kb.de\/wp-content\/uploads\/2019\/05\/IMG_3453-96x96.jpg 96w\" sizes=\"auto, (max-width: 80px) 100vw, 80px\" \/><\/a>\n\t\t\t<\/dt>\n\t\t\t\t<dd class='wp-caption-text gallery-caption' id='gallery-1-830'>\n\t\t\t\tLoL am Er\u00f6ffnungwochenende\n\t\t\t\t<\/dd><\/dl><dl class='gallery-item'>\n\t\t\t<dt class='gallery-icon landscape'>\n\t\t\t\t<a href='https:\/\/hochst\u00e4dter-haus.de\/?attachment_id=829'><img loading=\"lazy\" decoding=\"async\" width=\"80\" height=\"80\" src=\"https:\/\/xn--hochstdter-haus-5kb.de\/wp-content\/uploads\/2019\/05\/2019_05_19_HH_Au\u00dfen-2-150x150.jpg\" class=\"attachment-thumbnail size-thumbnail\" alt=\"\" srcset=\"https:\/\/xn--hochstdter-haus-5kb.de\/wp-content\/uploads\/2019\/05\/2019_05_19_HH_Au\u00dfen-2-150x150.jpg 150w, https:\/\/xn--hochstdter-haus-5kb.de\/wp-content\/uploads\/2019\/05\/2019_05_19_HH_Au\u00dfen-2-330x330.jpg 330w, https:\/\/xn--hochstdter-haus-5kb.de\/wp-content\/uploads\/2019\/05\/2019_05_19_HH_Au\u00dfen-2-96x96.jpg 96w, https:\/\/xn--hochstdter-haus-5kb.de\/wp-content\/uploads\/2019\/05\/2019_05_19_HH_Au\u00dfen-2-1230x1230.jpg 1230w\" sizes=\"auto, (max-width: 80px) 100vw, 80px\" \/><\/a>\n\t\t\t<\/dt><\/dl><br style=\"clear: both\" \/><dl class='gallery-item'>\n\t\t\t<dt class='gallery-icon landscape'>\n\t\t\t\t<a href='https:\/\/hochst\u00e4dter-haus.de\/?attachment_id=828'><img loading=\"lazy\" decoding=\"async\" width=\"80\" height=\"80\" src=\"https:\/\/xn--hochstdter-haus-5kb.de\/wp-content\/uploads\/2019\/05\/2019_05_19_Helikopter_Rundflug-2-150x150.jpg\" class=\"attachment-thumbnail size-thumbnail\" alt=\"\" srcset=\"https:\/\/xn--hochstdter-haus-5kb.de\/wp-content\/uploads\/2019\/05\/2019_05_19_Helikopter_Rundflug-2-150x150.jpg 150w, https:\/\/xn--hochstdter-haus-5kb.de\/wp-content\/uploads\/2019\/05\/2019_05_19_Helikopter_Rundflug-2-330x330.jpg 330w, https:\/\/xn--hochstdter-haus-5kb.de\/wp-content\/uploads\/2019\/05\/2019_05_19_Helikopter_Rundflug-2-96x96.jpg 96w, https:\/\/xn--hochstdter-haus-5kb.de\/wp-content\/uploads\/2019\/05\/2019_05_19_Helikopter_Rundflug-2-1230x1230.jpg 1230w\" sizes=\"auto, (max-width: 80px) 100vw, 80px\" \/><\/a>\n\t\t\t<\/dt><\/dl><dl class='gallery-item'>\n\t\t\t<dt class='gallery-icon landscape'>\n\t\t\t\t<a href='https:\/\/hochst\u00e4dter-haus.de\/?attachment_id=827'><img loading=\"lazy\" decoding=\"async\" width=\"80\" height=\"80\" src=\"https:\/\/xn--hochstdter-haus-5kb.de\/wp-content\/uploads\/2019\/05\/2019_05_19_Helikopter_Rundflug-1-150x150.jpg\" class=\"attachment-thumbnail size-thumbnail\" alt=\"\" srcset=\"https:\/\/xn--hochstdter-haus-5kb.de\/wp-content\/uploads\/2019\/05\/2019_05_19_Helikopter_Rundflug-1-150x150.jpg 150w, https:\/\/xn--hochstdter-haus-5kb.de\/wp-content\/uploads\/2019\/05\/2019_05_19_Helikopter_Rundflug-1-330x330.jpg 330w, https:\/\/xn--hochstdter-haus-5kb.de\/wp-content\/uploads\/2019\/05\/2019_05_19_Helikopter_Rundflug-1-96x96.jpg 96w, https:\/\/xn--hochstdter-haus-5kb.de\/wp-content\/uploads\/2019\/05\/2019_05_19_Helikopter_Rundflug-1-1230x1230.jpg 1230w\" sizes=\"auto, (max-width: 80px) 100vw, 80px\" \/><\/a>\n\t\t\t<\/dt><\/dl><dl class='gallery-item'>\n\t\t\t<dt class='gallery-icon landscape'>\n\t\t\t\t<a href='https:\/\/hochst\u00e4dter-haus.de\/?attachment_id=826'><img loading=\"lazy\" decoding=\"async\" width=\"80\" height=\"80\" src=\"https:\/\/xn--hochstdter-haus-5kb.de\/wp-content\/uploads\/2019\/05\/2019_05_19_Geologische_Wanderung-4-150x150.jpg\" class=\"attachment-thumbnail size-thumbnail\" alt=\"\" srcset=\"https:\/\/xn--hochstdter-haus-5kb.de\/wp-content\/uploads\/2019\/05\/2019_05_19_Geologische_Wanderung-4-150x150.jpg 150w, https:\/\/xn--hochstdter-haus-5kb.de\/wp-content\/uploads\/2019\/05\/2019_05_19_Geologische_Wanderung-4-330x330.jpg 330w, https:\/\/xn--hochstdter-haus-5kb.de\/wp-content\/uploads\/2019\/05\/2019_05_19_Geologische_Wanderung-4-96x96.jpg 96w, https:\/\/xn--hochstdter-haus-5kb.de\/wp-content\/uploads\/2019\/05\/2019_05_19_Geologische_Wanderung-4-1230x1230.jpg 1230w\" sizes=\"auto, (max-width: 80px) 100vw, 80px\" \/><\/a>\n\t\t\t<\/dt><\/dl><br style=\"clear: both\" \/><dl class='gallery-item'>\n\t\t\t<dt class='gallery-icon landscape'>\n\t\t\t\t<a href='https:\/\/hochst\u00e4dter-haus.de\/?attachment_id=823'><img loading=\"lazy\" decoding=\"async\" width=\"80\" height=\"80\" src=\"https:\/\/xn--hochstdter-haus-5kb.de\/wp-content\/uploads\/2019\/05\/2019_05_19_1_OG_HH_Auftritte-1-150x150.jpg\" class=\"attachment-thumbnail size-thumbnail\" alt=\"\" srcset=\"https:\/\/xn--hochstdter-haus-5kb.de\/wp-content\/uploads\/2019\/05\/2019_05_19_1_OG_HH_Auftritte-1-150x150.jpg 150w, https:\/\/xn--hochstdter-haus-5kb.de\/wp-content\/uploads\/2019\/05\/2019_05_19_1_OG_HH_Auftritte-1-330x330.jpg 330w, https:\/\/xn--hochstdter-haus-5kb.de\/wp-content\/uploads\/2019\/05\/2019_05_19_1_OG_HH_Auftritte-1-96x96.jpg 96w, https:\/\/xn--hochstdter-haus-5kb.de\/wp-content\/uploads\/2019\/05\/2019_05_19_1_OG_HH_Auftritte-1-1230x1230.jpg 1230w\" sizes=\"auto, (max-width: 80px) 100vw, 80px\" \/><\/a>\n\t\t\t<\/dt><\/dl><dl class='gallery-item'>\n\t\t\t<dt class='gallery-icon landscape'>\n\t\t\t\t<a href='https:\/\/hochst\u00e4dter-haus.de\/?attachment_id=825'><img loading=\"lazy\" decoding=\"async\" width=\"80\" height=\"80\" src=\"https:\/\/xn--hochstdter-haus-5kb.de\/wp-content\/uploads\/2019\/05\/2019_05_19_1_OG_HH_Auftritte-11-150x150.jpg\" class=\"attachment-thumbnail size-thumbnail\" alt=\"\" srcset=\"https:\/\/xn--hochstdter-haus-5kb.de\/wp-content\/uploads\/2019\/05\/2019_05_19_1_OG_HH_Auftritte-11-150x150.jpg 150w, https:\/\/xn--hochstdter-haus-5kb.de\/wp-content\/uploads\/2019\/05\/2019_05_19_1_OG_HH_Auftritte-11-330x330.jpg 330w, https:\/\/xn--hochstdter-haus-5kb.de\/wp-content\/uploads\/2019\/05\/2019_05_19_1_OG_HH_Auftritte-11-96x96.jpg 96w, https:\/\/xn--hochstdter-haus-5kb.de\/wp-content\/uploads\/2019\/05\/2019_05_19_1_OG_HH_Auftritte-11-1230x1230.jpg 1230w\" sizes=\"auto, (max-width: 80px) 100vw, 80px\" \/><\/a>\n\t\t\t<\/dt><\/dl><dl class='gallery-item'>\n\t\t\t<dt class='gallery-icon landscape'>\n\t\t\t\t<a href='https:\/\/hochst\u00e4dter-haus.de\/?attachment_id=824'><img loading=\"lazy\" decoding=\"async\" width=\"80\" height=\"80\" src=\"https:\/\/xn--hochstdter-haus-5kb.de\/wp-content\/uploads\/2019\/05\/2019_05_19_1_OG_HH_Auftritte-3-150x150.jpg\" class=\"attachment-thumbnail size-thumbnail\" alt=\"\" srcset=\"https:\/\/xn--hochstdter-haus-5kb.de\/wp-content\/uploads\/2019\/05\/2019_05_19_1_OG_HH_Auftritte-3-150x150.jpg 150w, https:\/\/xn--hochstdter-haus-5kb.de\/wp-content\/uploads\/2019\/05\/2019_05_19_1_OG_HH_Auftritte-3-330x330.jpg 330w, https:\/\/xn--hochstdter-haus-5kb.de\/wp-content\/uploads\/2019\/05\/2019_05_19_1_OG_HH_Auftritte-3-96x96.jpg 96w, https:\/\/xn--hochstdter-haus-5kb.de\/wp-content\/uploads\/2019\/05\/2019_05_19_1_OG_HH_Auftritte-3-1230x1230.jpg 1230w\" sizes=\"auto, (max-width: 80px) 100vw, 80px\" \/><\/a>\n\t\t\t<\/dt><\/dl><br style=\"clear: both\" \/><dl class='gallery-item'>\n\t\t\t<dt class='gallery-icon landscape'>\n\t\t\t\t<a href='https:\/\/hochst\u00e4dter-haus.de\/?attachment_id=834'><img loading=\"lazy\" decoding=\"async\" width=\"80\" height=\"80\" src=\"https:\/\/xn--hochstdter-haus-5kb.de\/wp-content\/uploads\/2019\/05\/Kindergarten-150x150.jpg\" class=\"attachment-thumbnail size-thumbnail\" alt=\"\" srcset=\"https:\/\/xn--hochstdter-haus-5kb.de\/wp-content\/uploads\/2019\/05\/Kindergarten-150x150.jpg 150w, https:\/\/xn--hochstdter-haus-5kb.de\/wp-content\/uploads\/2019\/05\/Kindergarten-330x330.jpg 330w, https:\/\/xn--hochstdter-haus-5kb.de\/wp-content\/uploads\/2019\/05\/Kindergarten-96x96.jpg 96w\" sizes=\"auto, (max-width: 80px) 100vw, 80px\" \/><\/a>\n\t\t\t<\/dt><\/dl><dl class='gallery-item'>\n\t\t\t<dt class='gallery-icon landscape'>\n\t\t\t\t<a href='https:\/\/hochst\u00e4dter-haus.de\/?attachment_id=836'><img loading=\"lazy\" decoding=\"async\" width=\"80\" height=\"80\" src=\"https:\/\/xn--hochstdter-haus-5kb.de\/wp-content\/uploads\/2019\/05\/P1080412-150x150.jpg\" class=\"attachment-thumbnail size-thumbnail\" alt=\"\" srcset=\"https:\/\/xn--hochstdter-haus-5kb.de\/wp-content\/uploads\/2019\/05\/P1080412-150x150.jpg 150w, https:\/\/xn--hochstdter-haus-5kb.de\/wp-content\/uploads\/2019\/05\/P1080412-330x330.jpg 330w, https:\/\/xn--hochstdter-haus-5kb.de\/wp-content\/uploads\/2019\/05\/P1080412-96x96.jpg 96w\" sizes=\"auto, (max-width: 80px) 100vw, 80px\" \/><\/a>\n\t\t\t<\/dt><\/dl><dl class='gallery-item'>\n\t\t\t<dt class='gallery-icon portrait'>\n\t\t\t\t<a href='https:\/\/hochst\u00e4dter-haus.de\/?attachment_id=807'><img loading=\"lazy\" decoding=\"async\" width=\"80\" height=\"80\" src=\"https:\/\/xn--hochstdter-haus-5kb.de\/wp-content\/uploads\/2019\/05\/Miete-Veranstaltungsraum-150x150.png\" class=\"attachment-thumbnail size-thumbnail\" alt=\"\" srcset=\"https:\/\/xn--hochstdter-haus-5kb.de\/wp-content\/uploads\/2019\/05\/Miete-Veranstaltungsraum-150x150.png 150w, https:\/\/xn--hochstdter-haus-5kb.de\/wp-content\/uploads\/2019\/05\/Miete-Veranstaltungsraum-330x330.png 330w, https:\/\/xn--hochstdter-haus-5kb.de\/wp-content\/uploads\/2019\/05\/Miete-Veranstaltungsraum-96x96.png 96w\" sizes=\"auto, (max-width: 80px) 100vw, 80px\" \/><\/a>\n\t\t\t<\/dt><\/dl><br style=\"clear: both\" \/>\n\t\t<\/div>\n\n","protected":false},"excerpt":{"rendered":"<p>Am Wochenende des 17. bis 19. Mai 2019 haben wir die offizielle Er\u00f6ffnung des Hochst\u00e4dter Hauses gefeiert. Wir sind \u00fcberw\u00e4ltigt von der positiven Resonanz am Er\u00f6ffnungswochenende.\u00a0 \u00dcber den Zuspruch, das viele positive Feedback und die vielen guten W\u00fcnsche freuen wir uns sehr. Herzlichen Dank an alle G\u00e4ste, Helfer und Akteure f\u00fcr ein unvergessliches Wochenende! &nbsp; [&hellip;]<\/p>\n","protected":false},"author":1,"featured_media":770,"parent":0,"menu_order":0,"comment_status":"closed","ping_status":"closed","template":"","meta":{"footnotes":""},"class_list":["post-661","page","type-page","status-publish","has-post-thumbnail","hentry"],"_links":{"self":[{"href":"https:\/\/hochst\u00e4dter-haus.de\/index.php?rest_route=\/wp\/v2\/pages\/661","targetHints":{"allow":["GET"]}}],"collection":[{"href":"https:\/\/hochst\u00e4dter-haus.de\/index.php?rest_route=\/wp\/v2\/pages"}],"about":[{"href":"https:\/\/hochst\u00e4dter-haus.de\/index.php?rest_route=\/wp\/v2\/types\/page"}],"author":[{"embeddable":true,"href":"https:\/\/hochst\u00e4dter-haus.de\/index.php?rest_route=\/wp\/v2\/users\/1"}],"replies":[{"embeddable":true,"href":"https:\/\/hochst\u00e4dter-haus.de\/index.php?rest_route=%2Fwp%2Fv2%2Fcomments&post=661"}],"version-history":[{"count":32,"href":"https:\/\/hochst\u00e4dter-haus.de\/index.php?rest_route=\/wp\/v2\/pages\/661\/revisions"}],"predecessor-version":[{"id":3779,"href":"https:\/\/hochst\u00e4dter-haus.de\/index.php?rest_route=\/wp\/v2\/pages\/661\/revisions\/3779"}],"wp:featuredmedia":[{"embeddable":true,"href":"https:\/\/hochst\u00e4dter-haus.de\/index.php?rest_route=\/wp\/v2\/media\/770"}],"wp:attachment":[{"href":"https:\/\/hochst\u00e4dter-haus.de\/index.php?rest_route=%2Fwp%2Fv2%2Fmedia&parent=661"}],"curies":[{"name":"wp","href":"https:\/\/api.w.org\/{rel}","templated":true}]}}